{"id":3932,"date":"2021-04-15T16:43:25","date_gmt":"2021-04-15T14:43:25","guid":{"rendered":"http:\/\/www.campingcasadicaccia.com\/entdecken-sie-das-gebiet\/"},"modified":"2025-03-06T15:18:31","modified_gmt":"2025-03-06T14:18:31","slug":"entdecken-sie-das-gebiet","status":"publish","type":"page","link":"https:\/\/www.campingcasadicaccia.com\/de\/entdecken-sie-das-gebiet\/","title":{"rendered":"Entdecken Sie das Gebiet"},"content":{"rendered":"<p>[vc_row full_width=&#8220;stretch_row&#8220; css=&#8220;.vc_custom_1616583615798{margin-top: 0px !important;padding-top: 200px !important;padding-bottom: 200px !important;background-image: url(http:\/\/www.campingcasadicaccia.com\/wp-content\/uploads\/2021\/03\/territorio-scaled.jpg?id=2901) !important;background-position: center !important;background-repeat: no-repeat !important;background-size: cover !important;}&#8220; el_class=&#8220;nd_options_vc_parallax_filter_2_5&#8243;][vc_column width=&#8220;1\/6&#8243;][\/vc_column][vc_column width=&#8220;2\/3&#8243; el_class=&#8220;nd_options_text_align_center&#8220;] <h1 style=\"color:#ffffff; padding:px; text-align:center; font-size:50px; line-height:px; letter-spacing: 2px; font-weight:lighter;\" class=\"  nd_options_font_size_40_important_all_iphone nd_options_first_font \">Entdecken Sie das Gebiet<\/h1> <div style=\"background-color:; height: 30px;\" class=\"nicdark_section  \"><\/div> <h1 style=\"color:#ffffff; padding:px; text-align:center; font-size:20px; line-height:30px; letter-spacing: px; font-weight:lighter;\" class=\"  nd_options_text_align_center_responsive_important nd_options_first_font \">Marina di Bibbona befindet sich im Zentrum der toskanischen K\u00fcste, in einer privilegierten Lage f\u00fcr das Meer und f\u00fcr den Besuch der gesamten etruskischen K\u00fcste und der wundersch\u00f6nen D\u00f6rfer des Hinterlandes:<\/h1> [\/vc_column][vc_column width=&#8220;1\/6&#8243;][\/vc_column][\/vc_row][vc_row css=&#8220;.vc_custom_1616506783885{padding-top: 50px !important;padding-bottom: 50px !important;}&#8220;][vc_column][vc_masonry_grid post_type=&#8220;post&#8220; max_items=&#8220;10&#8243; gap=&#8220;10&#8243; item=&#8220;2322&#8243; grid_id=&#8220;vc_gid:1741270682128-7ad3b09f-8288-3&#8243; taxonomies=&#8220;51&#8243;][\/vc_column][\/vc_row][vc_row css=&#8220;.vc_custom_1616508233163{padding-top: 50px !important;padding-bottom: 50px !important;}&#8220;][vc_column] <h2 style=\"color:; padding:30px; text-align:center; font-size:px; line-height:px; letter-spacing: px; font-weight:lighter;\" class=\"   nd_options_first_font \">- THEMENPARKS -<\/h2> [vc_row_inner][vc_column_inner width=&#8220;1\/3&#8243;]\n\n  <!--START team-->\n  <div class=\" nd_options_team_component_l5 nd_options_section nd_options_box_sizing_border_box  \">    \n    <div class=\"nd_options_section nd_options_position_relative\">\n\n      <img decoding=\"async\" alt=\"\" class=\"nd_options_section\" src=\"https:\/\/www.campingcasadicaccia.com\/wp-content\/uploads\/2021\/03\/cavallino.jpg\">\n\n      <div class=\"nd_options_bg_greydark_alpha_gradient_3 nd_options_position_absolute nd_options_left_0 nd_options_height_100_percentage nd_options_width_100_percentage nd_options_box_sizing_border_box\">\n        <div class=\"nd_options_position_absolute nd_options_bottom_30 nd_options_width_100_percentage nd_options_padding_botttom_0 nd_options_padding_50 nd_options_box_sizing_border_box nd_options_text_align_center\">\n          <h3 class=\"nd_options_color_white\">Cavallino Matto<\/h3>\n          <div class=\"nd_options_section nd_options_height_10\"><\/div>\n          <h6 class=\"nd_options_color_white\"><strong><\/strong><\/h6>\n        <\/div>\n      <\/div>\n\n    <\/div>\n  <\/div>\n  <!--END team-->\n[\/vc_column_inner][vc_column_inner width=&#8220;1\/3&#8243;]\n\n  <!--START team-->\n  <div class=\" nd_options_team_component_l5 nd_options_section nd_options_box_sizing_border_box  \">    \n    <div class=\"nd_options_section nd_options_position_relative\">\n\n      <img decoding=\"async\" alt=\"\" class=\"nd_options_section\" src=\"https:\/\/www.campingcasadicaccia.com\/wp-content\/uploads\/2021\/03\/acquapark.jpg\">\n\n      <div class=\"nd_options_bg_greydark_alpha_gradient_3 nd_options_position_absolute nd_options_left_0 nd_options_height_100_percentage nd_options_width_100_percentage nd_options_box_sizing_border_box\">\n        <div class=\"nd_options_position_absolute nd_options_bottom_30 nd_options_width_100_percentage nd_options_padding_botttom_0 nd_options_padding_50 nd_options_box_sizing_border_box nd_options_text_align_center\">\n          <h3 class=\"nd_options_color_white\">Acquapark<\/h3>\n          <div class=\"nd_options_section nd_options_height_10\"><\/div>\n          <h6 class=\"nd_options_color_white\"><strong><\/strong><\/h6>\n        <\/div>\n      <\/div>\n\n    <\/div>\n  <\/div>\n  <!--END team-->\n[\/vc_column_inner][vc_column_inner width=&#8220;1\/3&#8243;]\n\n  <!--START team-->\n  <div class=\" nd_options_team_component_l5 nd_options_section nd_options_box_sizing_border_box  \">    \n    <div class=\"nd_options_section nd_options_position_relative\">\n\n      <img decoding=\"async\" alt=\"\" class=\"nd_options_section\" src=\"https:\/\/www.campingcasadicaccia.com\/wp-content\/uploads\/2021\/03\/cornia.jpg\">\n\n      <div class=\"nd_options_bg_greydark_alpha_gradient_3 nd_options_position_absolute nd_options_left_0 nd_options_height_100_percentage nd_options_width_100_percentage nd_options_box_sizing_border_box\">\n        <div class=\"nd_options_position_absolute nd_options_bottom_30 nd_options_width_100_percentage nd_options_padding_botttom_0 nd_options_padding_50 nd_options_box_sizing_border_box nd_options_text_align_center\">\n          <h3 class=\"nd_options_color_white\">Parchi VDC<\/h3>\n          <div class=\"nd_options_section nd_options_height_10\"><\/div>\n          <h6 class=\"nd_options_color_white\"><strong><\/strong><\/h6>\n        <\/div>\n      <\/div>\n\n    <\/div>\n  <\/div>\n  <!--END team-->\n[\/vc_column_inner][\/vc_row_inner][vc_empty_space height=&#8220;30px&#8220;][vc_row_inner][vc_column_inner width=&#8220;1\/3&#8243;]\n\n  <!--START team-->\n  <div class=\" nd_options_team_component_l5 nd_options_section nd_options_box_sizing_border_box  \">    \n    <div class=\"nd_options_section nd_options_position_relative\">\n\n      <img decoding=\"async\" alt=\"\" class=\"nd_options_section\" src=\"https:\/\/www.campingcasadicaccia.com\/wp-content\/uploads\/2021\/03\/necropoli.jpg\">\n\n      <div class=\"nd_options_bg_greydark_alpha_gradient_3 nd_options_position_absolute nd_options_left_0 nd_options_height_100_percentage nd_options_width_100_percentage nd_options_box_sizing_border_box\">\n        <div class=\"nd_options_position_absolute nd_options_bottom_30 nd_options_width_100_percentage nd_options_padding_botttom_0 nd_options_padding_50 nd_options_box_sizing_border_box nd_options_text_align_center\">\n          <h3 class=\"nd_options_color_white\">Necropoli Baratti<\/h3>\n          <div class=\"nd_options_section nd_options_height_10\"><\/div>\n          <h6 class=\"nd_options_color_white\"><strong><\/strong><\/h6>\n        <\/div>\n      <\/div>\n\n    <\/div>\n  <\/div>\n  <!--END team-->\n[\/vc_column_inner][vc_column_inner width=&#8220;1\/3&#8243;]\n\n  <!--START team-->\n  <div class=\" nd_options_team_component_l5 nd_options_section nd_options_box_sizing_border_box  \">    \n    <div class=\"nd_options_section nd_options_position_relative\">\n\n      <img decoding=\"async\" alt=\"\" class=\"nd_options_section\" src=\"https:\/\/www.campingcasadicaccia.com\/wp-content\/uploads\/2021\/03\/gallo.jpg\">\n\n      <div class=\"nd_options_bg_greydark_alpha_gradient_3 nd_options_position_absolute nd_options_left_0 nd_options_height_100_percentage nd_options_width_100_percentage nd_options_box_sizing_border_box\">\n        <div class=\"nd_options_position_absolute nd_options_bottom_30 nd_options_width_100_percentage nd_options_padding_botttom_0 nd_options_padding_50 nd_options_box_sizing_border_box nd_options_text_align_center\">\n          <h3 class=\"nd_options_color_white\">Parco Gallorose<\/h3>\n          <div class=\"nd_options_section nd_options_height_10\"><\/div>\n          <h6 class=\"nd_options_color_white\"><strong><\/strong><\/h6>\n        <\/div>\n      <\/div>\n\n    <\/div>\n  <\/div>\n  <!--END team-->\n[\/vc_column_inner][vc_column_inner width=&#8220;1\/3&#8243;]\n\n  <!--START team-->\n  <div class=\" nd_options_team_component_l5 nd_options_section nd_options_box_sizing_border_box  \">    \n    <div class=\"nd_options_section nd_options_position_relative\">\n\n      <img decoding=\"async\" alt=\"\" class=\"nd_options_section\" src=\"https:\/\/www.campingcasadicaccia.com\/wp-content\/uploads\/2021\/03\/livo.jpg\">\n\n      <div class=\"nd_options_bg_greydark_alpha_gradient_3 nd_options_position_absolute nd_options_left_0 nd_options_height_100_percentage nd_options_width_100_percentage nd_options_box_sizing_border_box\">\n        <div class=\"nd_options_position_absolute nd_options_bottom_30 nd_options_width_100_percentage nd_options_padding_botttom_0 nd_options_padding_50 nd_options_box_sizing_border_box nd_options_text_align_center\">\n          <h3 class=\"nd_options_color_white\">Acquario Livorno<\/h3>\n          <div class=\"nd_options_section nd_options_height_10\"><\/div>\n          <h6 class=\"nd_options_color_white\"><strong><\/strong><\/h6>\n        <\/div>\n      <\/div>\n\n    <\/div>\n  <\/div>\n  <!--END team-->\n[\/vc_column_inner][\/vc_row_inner][\/vc_column][\/vc_row][vc_row][vc_column][vc_raw_js]JTNDc2NyaXB0JTIwaWQlM0QlMjJzY3JpcHQtaW5mb2NoYXQlMjIlMjBzcmMlM0QlMjJodHRwcyUzQSUyRiUyRmNkbi5hc2tzdWl0ZS5jb20lMkZpbmZvY2hhdC5qcyUzRmRhdGFDb25maWclM0RodHRwcyUzQSUyRiUyRmNvbnRyb2wuYXNrc3VpdGUuY29tJTJGYXBpJTJGY29tcGFuaWVzJTJGY2FtcGluZy1jYXNhLWRpLWNhY2NpYSUyMiUzRSUzQyUyRnNjcmlwdCUzRQ==[\/vc_raw_js][\/vc_column][\/vc_row]<\/p>\n","protected":false},"excerpt":{"rendered":"<p>[vc_row full_width=&#8220;stretch_row&#8220; css=&#8220;.vc_custom_1616583615798{margin-top: 0px !important;padding-top: 200px !important;padding-bottom: 200px !important;background-image: url(http:\/\/www.campingcasadicaccia.com\/wp-content\/uploads\/2021\/03\/territorio-scaled.jpg?id=2901) !important;background-position: center !important;background-repeat: no-repeat !important;background-size: cover !important;}&#8220; el_class=&#8220;nd_options_vc_parallax_filter_2_5&#8243;][vc_column width=&#8220;1\/6&#8243;][\/vc_column][vc_column width=&#8220;2\/3&#8243; el_class=&#8220;nd_options_text_align_center&#8220;][\/vc_column][vc_column width=&#8220;1\/6&#8243;][\/vc_column][\/vc_row][vc_row css=&#8220;.vc_custom_1616506783885{padding-top: 50px !important;padding-bottom: 50px !important;}&#8220;][vc_column][vc_masonry_grid post_type=&#8220;post&#8220; max_items=&#8220;10&#8243; gap=&#8220;10&#8243; item=&#8220;2322&#8243; grid_id=&#8220;vc_gid:1741270682128-7ad3b09f-8288-3&#8243; taxonomies=&#8220;51&#8243;][\/vc_column][\/vc_row][vc_row css=&#8220;.vc_custom_1616508233163{padding-top: 50px !important;padding-bottom: 50px !important;}&#8220;][vc_column][vc_row_inner][vc_column_inner width=&#8220;1\/3&#8243;][\/vc_column_inner][vc_column_inner width=&#8220;1\/3&#8243;][\/vc_column_inner][vc_column_inner width=&#8220;1\/3&#8243;][\/vc_column_inner][\/vc_row_inner][vc_empty_space height=&#8220;30px&#8220;][vc_row_inner][vc_column_inner width=&#8220;1\/3&#8243;][\/vc_column_inner][vc_column_inner width=&#8220;1\/3&#8243;][\/vc_column_inner][vc_column_inner width=&#8220;1\/3&#8243;][\/vc_column_inner][\/vc_row_inner][\/vc_column][\/vc_row][vc_row][vc_column][vc_raw_js]JTNDc2NyaXB0JTIwaWQlM0QlMjJzY3JpcHQtaW5mb2NoYXQlMjIlMjBzcmMlM0QlMjJodHRwcyUzQSUyRiUyRmNkbi5hc2tzdWl0ZS5jb20lMkZpbmZvY2hhdC5qcyUzRmRhdGFDb25maWclM0RodHRwcyUzQSUyRiUyRmNvbnRyb2wuYXNrc3VpdGUuY29tJTJGYXBpJTJGY29tcGFuaWVzJTJGY2FtcGluZy1jYXNhLWRpLWNhY2NpYSUyMiUzRSUzQyUyRnNjcmlwdCUzRQ==[\/vc_raw_js][\/vc_column][\/vc_row]<\/p>\n","protected":false},"author":1,"featured_media":0,"parent":0,"menu_order":0,"comment_status":"closed","ping_status":"closed","template":"","meta":{"_joinchat":[],"footnotes":""},"class_list":["post-3932","page","type-page","status-publish","hentry"],"yoast_head":"<!-- This site is optimized with the Yoast SEO plugin v27.4 - https:\/\/yoast.com\/product\/yoast-seo-wordpress\/ -->\n<title>Campingplatz und Dorf im toskanischen Meer von Marina di Bibbona<\/title>\n<meta name=\"description\" content=\"Campingplatz und Dorf in Marina di Bibbona. Unser Campingplatz befindet sich in einem Park am Meer mit einem Privatstrand. Mobilheime zu vermieten.\" \/>\n<meta name=\"robots\" content=\"index, follow, max-snippet:-1, max-image-preview:large, max-video-preview:-1\" \/>\n<link rel=\"canonical\" href=\"https:\/\/www.campingcasadicaccia.com\/de\/entdecken-sie-das-gebiet\/\" \/>\n<meta property=\"og:locale\" content=\"de_DE\" \/>\n<meta property=\"og:type\" content=\"article\" \/>\n<meta property=\"og:title\" content=\"Campingplatz und Dorf im toskanischen Meer von Marina di Bibbona\" \/>\n<meta property=\"og:description\" content=\"Campingplatz und Dorf in Marina di Bibbona. Unser Campingplatz befindet sich in einem Park am Meer mit einem Privatstrand. Mobilheime zu vermieten.\" \/>\n<meta property=\"og:url\" content=\"https:\/\/www.campingcasadicaccia.com\/de\/entdecken-sie-das-gebiet\/\" \/>\n<meta property=\"og:site_name\" content=\"Camping Village Casa di Caccia\" \/>\n<meta property=\"article:publisher\" content=\"https:\/\/www.facebook.com\/campingcasadicaccia\/\" \/>\n<meta property=\"article:modified_time\" content=\"2025-03-06T14:18:31+00:00\" \/>\n<meta name=\"twitter:card\" content=\"summary_large_image\" \/>\n<meta name=\"twitter:site\" content=\"@campingbibbona\" \/>\n<meta name=\"twitter:label1\" content=\"Gesch\u00e4tzte Lesezeit\" \/>\n\t<meta name=\"twitter:data1\" content=\"2\u00a0Minuten\" \/>\n<script type=\"application\/ld+json\" class=\"yoast-schema-graph\">{\"@context\":\"https:\\\/\\\/schema.org\",\"@graph\":[{\"@type\":\"WebPage\",\"@id\":\"https:\\\/\\\/www.campingcasadicaccia.com\\\/de\\\/entdecken-sie-das-gebiet\\\/\",\"url\":\"https:\\\/\\\/www.campingcasadicaccia.com\\\/de\\\/entdecken-sie-das-gebiet\\\/\",\"name\":\"Campingplatz und Dorf im toskanischen Meer von Marina di Bibbona\",\"isPartOf\":{\"@id\":\"https:\\\/\\\/www.campingcasadicaccia.com\\\/de\\\/#website\"},\"datePublished\":\"2021-04-15T14:43:25+00:00\",\"dateModified\":\"2025-03-06T14:18:31+00:00\",\"description\":\"Campingplatz und Dorf in Marina di Bibbona. Unser Campingplatz befindet sich in einem Park am Meer mit einem Privatstrand. Mobilheime zu vermieten.\",\"breadcrumb\":{\"@id\":\"https:\\\/\\\/www.campingcasadicaccia.com\\\/de\\\/entdecken-sie-das-gebiet\\\/#breadcrumb\"},\"inLanguage\":\"de\",\"potentialAction\":[{\"@type\":\"ReadAction\",\"target\":[\"https:\\\/\\\/www.campingcasadicaccia.com\\\/de\\\/entdecken-sie-das-gebiet\\\/\"]}]},{\"@type\":\"BreadcrumbList\",\"@id\":\"https:\\\/\\\/www.campingcasadicaccia.com\\\/de\\\/entdecken-sie-das-gebiet\\\/#breadcrumb\",\"itemListElement\":[{\"@type\":\"ListItem\",\"position\":1,\"name\":\"Home\",\"item\":\"https:\\\/\\\/www.campingcasadicaccia.com\\\/de\\\/\"},{\"@type\":\"ListItem\",\"position\":2,\"name\":\"Entdecken Sie das Gebiet\"}]},{\"@type\":\"WebSite\",\"@id\":\"https:\\\/\\\/www.campingcasadicaccia.com\\\/de\\\/#website\",\"url\":\"https:\\\/\\\/www.campingcasadicaccia.com\\\/de\\\/\",\"name\":\"Camping Village Casa di Caccia - Bibbona Mare Toscana\",\"description\":\"Campeggio a Marina di Bibbona Mare Toscana\",\"publisher\":{\"@id\":\"https:\\\/\\\/www.campingcasadicaccia.com\\\/de\\\/#organization\"},\"potentialAction\":[{\"@type\":\"SearchAction\",\"target\":{\"@type\":\"EntryPoint\",\"urlTemplate\":\"https:\\\/\\\/www.campingcasadicaccia.com\\\/de\\\/?s={search_term_string}\"},\"query-input\":{\"@type\":\"PropertyValueSpecification\",\"valueRequired\":true,\"valueName\":\"search_term_string\"}}],\"inLanguage\":\"de\"},{\"@type\":\"Organization\",\"@id\":\"https:\\\/\\\/www.campingcasadicaccia.com\\\/de\\\/#organization\",\"name\":\"Camping Village Casa di Caccia\",\"url\":\"https:\\\/\\\/www.campingcasadicaccia.com\\\/de\\\/\",\"logo\":{\"@type\":\"ImageObject\",\"inLanguage\":\"de\",\"@id\":\"https:\\\/\\\/www.campingcasadicaccia.com\\\/de\\\/#\\\/schema\\\/logo\\\/image\\\/\",\"url\":\"http:\\\/\\\/www.campingcasadicaccia.com\\\/wp-content\\\/uploads\\\/2021\\\/03\\\/cropped-29513181_1879193082099464_260548762173177856_o-e1616497041420.jpg\",\"contentUrl\":\"http:\\\/\\\/www.campingcasadicaccia.com\\\/wp-content\\\/uploads\\\/2021\\\/03\\\/cropped-29513181_1879193082099464_260548762173177856_o-e1616497041420.jpg\",\"width\":512,\"height\":512,\"caption\":\"Camping Village Casa di Caccia\"},\"image\":{\"@id\":\"https:\\\/\\\/www.campingcasadicaccia.com\\\/de\\\/#\\\/schema\\\/logo\\\/image\\\/\"},\"sameAs\":[\"https:\\\/\\\/www.facebook.com\\\/campingcasadicaccia\\\/\",\"https:\\\/\\\/x.com\\\/campingbibbona\",\"https:\\\/\\\/www.instagram.com\\\/casadicaccia\\\/\",\"https:\\\/\\\/www.youtube.com\\\/channel\\\/UCRufyYve3szryZbwV8JNCog\"]}]}<\/script>\n<!-- \/ Yoast SEO plugin. -->","yoast_head_json":{"title":"Campingplatz und Dorf im toskanischen Meer von Marina di Bibbona","description":"Campingplatz und Dorf in Marina di Bibbona. Unser Campingplatz befindet sich in einem Park am Meer mit einem Privatstrand. Mobilheime zu vermieten.","robots":{"index":"index","follow":"follow","max-snippet":"max-snippet:-1","max-image-preview":"max-image-preview:large","max-video-preview":"max-video-preview:-1"},"canonical":"https:\/\/www.campingcasadicaccia.com\/de\/entdecken-sie-das-gebiet\/","og_locale":"de_DE","og_type":"article","og_title":"Campingplatz und Dorf im toskanischen Meer von Marina di Bibbona","og_description":"Campingplatz und Dorf in Marina di Bibbona. Unser Campingplatz befindet sich in einem Park am Meer mit einem Privatstrand. Mobilheime zu vermieten.","og_url":"https:\/\/www.campingcasadicaccia.com\/de\/entdecken-sie-das-gebiet\/","og_site_name":"Camping Village Casa di Caccia","article_publisher":"https:\/\/www.facebook.com\/campingcasadicaccia\/","article_modified_time":"2025-03-06T14:18:31+00:00","twitter_card":"summary_large_image","twitter_site":"@campingbibbona","twitter_misc":{"Gesch\u00e4tzte Lesezeit":"2\u00a0Minuten"},"schema":{"@context":"https:\/\/schema.org","@graph":[{"@type":"WebPage","@id":"https:\/\/www.campingcasadicaccia.com\/de\/entdecken-sie-das-gebiet\/","url":"https:\/\/www.campingcasadicaccia.com\/de\/entdecken-sie-das-gebiet\/","name":"Campingplatz und Dorf im toskanischen Meer von Marina di Bibbona","isPartOf":{"@id":"https:\/\/www.campingcasadicaccia.com\/de\/#website"},"datePublished":"2021-04-15T14:43:25+00:00","dateModified":"2025-03-06T14:18:31+00:00","description":"Campingplatz und Dorf in Marina di Bibbona. Unser Campingplatz befindet sich in einem Park am Meer mit einem Privatstrand. Mobilheime zu vermieten.","breadcrumb":{"@id":"https:\/\/www.campingcasadicaccia.com\/de\/entdecken-sie-das-gebiet\/#breadcrumb"},"inLanguage":"de","potentialAction":[{"@type":"ReadAction","target":["https:\/\/www.campingcasadicaccia.com\/de\/entdecken-sie-das-gebiet\/"]}]},{"@type":"BreadcrumbList","@id":"https:\/\/www.campingcasadicaccia.com\/de\/entdecken-sie-das-gebiet\/#breadcrumb","itemListElement":[{"@type":"ListItem","position":1,"name":"Home","item":"https:\/\/www.campingcasadicaccia.com\/de\/"},{"@type":"ListItem","position":2,"name":"Entdecken Sie das Gebiet"}]},{"@type":"WebSite","@id":"https:\/\/www.campingcasadicaccia.com\/de\/#website","url":"https:\/\/www.campingcasadicaccia.com\/de\/","name":"Camping Village Casa di Caccia - Bibbona Mare Toscana","description":"Campeggio a Marina di Bibbona Mare Toscana","publisher":{"@id":"https:\/\/www.campingcasadicaccia.com\/de\/#organization"},"potentialAction":[{"@type":"SearchAction","target":{"@type":"EntryPoint","urlTemplate":"https:\/\/www.campingcasadicaccia.com\/de\/?s={search_term_string}"},"query-input":{"@type":"PropertyValueSpecification","valueRequired":true,"valueName":"search_term_string"}}],"inLanguage":"de"},{"@type":"Organization","@id":"https:\/\/www.campingcasadicaccia.com\/de\/#organization","name":"Camping Village Casa di Caccia","url":"https:\/\/www.campingcasadicaccia.com\/de\/","logo":{"@type":"ImageObject","inLanguage":"de","@id":"https:\/\/www.campingcasadicaccia.com\/de\/#\/schema\/logo\/image\/","url":"http:\/\/www.campingcasadicaccia.com\/wp-content\/uploads\/2021\/03\/cropped-29513181_1879193082099464_260548762173177856_o-e1616497041420.jpg","contentUrl":"http:\/\/www.campingcasadicaccia.com\/wp-content\/uploads\/2021\/03\/cropped-29513181_1879193082099464_260548762173177856_o-e1616497041420.jpg","width":512,"height":512,"caption":"Camping Village Casa di Caccia"},"image":{"@id":"https:\/\/www.campingcasadicaccia.com\/de\/#\/schema\/logo\/image\/"},"sameAs":["https:\/\/www.facebook.com\/campingcasadicaccia\/","https:\/\/x.com\/campingbibbona","https:\/\/www.instagram.com\/casadicaccia\/","https:\/\/www.youtube.com\/channel\/UCRufyYve3szryZbwV8JNCog"]}]}},"publishpress_future_action":{"enabled":false,"date":"2026-04-24 20:09:44","action":"change-status","newStatus":"draft","terms":[],"taxonomy":"translation_priority"},"_links":{"self":[{"href":"https:\/\/www.campingcasadicaccia.com\/de\/wp-json\/wp\/v2\/pages\/3932","targetHints":{"allow":["GET"]}}],"collection":[{"href":"https:\/\/www.campingcasadicaccia.com\/de\/wp-json\/wp\/v2\/pages"}],"about":[{"href":"https:\/\/www.campingcasadicaccia.com\/de\/wp-json\/wp\/v2\/types\/page"}],"author":[{"embeddable":true,"href":"https:\/\/www.campingcasadicaccia.com\/de\/wp-json\/wp\/v2\/users\/1"}],"replies":[{"embeddable":true,"href":"https:\/\/www.campingcasadicaccia.com\/de\/wp-json\/wp\/v2\/comments?post=3932"}],"version-history":[{"count":1,"href":"https:\/\/www.campingcasadicaccia.com\/de\/wp-json\/wp\/v2\/pages\/3932\/revisions"}],"predecessor-version":[{"id":41067,"href":"https:\/\/www.campingcasadicaccia.com\/de\/wp-json\/wp\/v2\/pages\/3932\/revisions\/41067"}],"wp:attachment":[{"href":"https:\/\/www.campingcasadicaccia.com\/de\/wp-json\/wp\/v2\/media?parent=3932"}],"curies":[{"name":"wp","href":"https:\/\/api.w.org\/{rel}","templated":true}]}}