{"id":3923,"date":"2021-04-15T16:33:18","date_gmt":"2021-04-15T14:33:18","guid":{"rendered":"http:\/\/www.campingcasadicaccia.com\/essen-und-wein-touren\/"},"modified":"2021-04-20T10:56:58","modified_gmt":"2021-04-20T08:56:58","slug":"essen-und-wein-touren","status":"publish","type":"page","link":"https:\/\/www.campingcasadicaccia.com\/de\/essen-und-wein-touren\/","title":{"rendered":"Essen und Wein Touren"},"content":{"rendered":"<p>[vc_row full_width=&#8220;stretch_row&#8220; css=&#8220;.vc_custom_1616585094676{margin-top: 0px !important;padding-top: 200px !important;padding-bottom: 200px !important;background-image: url(http:\/\/www.campingcasadicaccia.com\/wp-content\/uploads\/2021\/03\/eno-scaled.jpg?id=2975) !important;background-position: center !important;background-repeat: no-repeat !important;background-size: cover !important;}&#8220; el_class=&#8220;nd_options_vc_parallax_filter_2_5&#8243;][vc_column width=&#8220;1\/6&#8243;][\/vc_column][vc_column width=&#8220;2\/3&#8243; el_class=&#8220;nd_options_text_align_center&#8220;] <h1 style=\"color:#ffffff; padding:px; text-align:center; font-size:50px; line-height:px; letter-spacing: 2px; font-weight:lighter;\" class=\"  nd_options_font_size_40_important_all_iphone nd_options_first_font \">Essen und Wein Touren<\/h1> <div style=\"background-color:; height: 30px;\" class=\"nicdark_section  \"><\/div>[\/vc_column][vc_column width=&#8220;1\/6&#8243;][\/vc_column][\/vc_row][vc_row full_width=&#8220;stretch_row&#8220; equal_height=&#8220;yes&#8220; content_placement=&#8220;middle&#8220; css=&#8220;.vc_custom_1616507282204{margin-bottom: 0px !important;padding-top: 50px !important;padding-bottom: 50px !important;}&#8220;][vc_column width=&#8220;1\/2&#8243;][vc_column_text css=&#8220;.vc_custom_1616507273964{padding-top: 40px !important;padding-bottom: 40px !important;}&#8220;]Land voller Farben, D\u00fcfte und Aromen, ist die etruskische K\u00fcste (Costa degli Etruschi) der ideale Ort, um alle kulinarischen K\u00f6stlichkeiten zu entdecken, die die Toskana zum Land der gro\u00dfen kulinarischen und Weintradition machen.Entlang der ber\u00fchmten &#8220; \u00d6l- und Weinstra\u00dfe&#8220;, zwischen D\u00f6rfern, H\u00fcgeln und K\u00fcstenabschnitten, finden Sie kleine Weing\u00fcter, in denen Sie Wein und \u00d6l hoher Qualit\u00e4t als auch regionale Wurstwaren und K\u00e4se verk\u00f6stigen k\u00f6nnen.Es gibt nat\u00fcrlich auch bekannte Restaurants, wie &#8222;La Pineta&#8220;, direkt am Strand in Marina di Bibbona, das mit einem Michelin-Stern ausgezeichnet wurde[\/vc_column_text][\/vc_column][vc_column width=&#8220;1\/2&#8243; css=&#8220;.vc_custom_1616585554910{background-image: url(http:\/\/www.campingcasadicaccia.com\/wp-content\/uploads\/2021\/03\/kym-ellis-aF1NPSnDQLw-unsplash-scaled.jpg?id=3012) !important;background-position: center !important;background-repeat: no-repeat !important;background-size: cover !important;}&#8220;][vc_empty_space height=&#8220;300px&#8220;][\/vc_column][\/vc_row]<\/p>\n","protected":false},"excerpt":{"rendered":"<p>[vc_row full_width=&#8220;stretch_row&#8220; css=&#8220;.vc_custom_1616585094676{margin-top: 0px !important;padding-top: 200px !important;padding-bottom: 200px !important;background-image: url(http:\/\/www.campingcasadicaccia.com\/wp-content\/uploads\/2021\/03\/eno-scaled.jpg?id=2975) !important;background-position: center !important;background-repeat: no-repeat !important;background-size: cover !important;}&#8220; el_class=&#8220;nd_options_vc_parallax_filter_2_5&#8243;][vc_column width=&#8220;1\/6&#8243;][\/vc_column][vc_column width=&#8220;2\/3&#8243; el_class=&#8220;nd_options_text_align_center&#8220;][\/vc_column][vc_column width=&#8220;1\/6&#8243;][\/vc_column][\/vc_row][vc_row full_width=&#8220;stretch_row&#8220; equal_height=&#8220;yes&#8220; content_placement=&#8220;middle&#8220; css=&#8220;.vc_custom_1616507282204{margin-bottom: 0px !important;padding-top: 50px !important;padding-bottom: 50px !important;}&#8220;][vc_column width=&#8220;1\/2&#8243;][vc_column_text css=&#8220;.vc_custom_1616507273964{padding-top: 40px !important;padding-bottom: 40px !important;}&#8220;]Land voller Farben, D\u00fcfte und Aromen, ist die etruskische K\u00fcste (Costa degli Etruschi) der ideale Ort, um alle [&hellip;]<\/p>\n","protected":false},"author":1,"featured_media":0,"parent":0,"menu_order":0,"comment_status":"closed","ping_status":"closed","template":"","meta":{"_joinchat":[],"footnotes":""},"class_list":["post-3923","page","type-page","status-publish","hentry"],"yoast_head":"<!-- This site is optimized with the Yoast SEO plugin v27.4 - https:\/\/yoast.com\/product\/yoast-seo-wordpress\/ -->\n<title>Essen und Wein Urlaub in der Toskana - Marina di Bibbona<\/title>\n<meta name=\"description\" content=\"Wenn Sie nach Essen und Wein aus der Toskana f\u00fcr einen Urlaub mit Essen und Wein in der Toskana suchen, befindet sich das Camping Casa di Caccia in Bibbona\" \/>\n<meta name=\"robots\" content=\"index, follow, max-snippet:-1, max-image-preview:large, max-video-preview:-1\" \/>\n<link rel=\"canonical\" href=\"https:\/\/www.campingcasadicaccia.com\/de\/essen-und-wein-touren\/\" \/>\n<meta property=\"og:locale\" content=\"de_DE\" \/>\n<meta property=\"og:type\" content=\"article\" \/>\n<meta property=\"og:title\" content=\"Essen und Wein Urlaub in der Toskana - Marina di Bibbona\" \/>\n<meta property=\"og:description\" content=\"Wenn Sie nach Essen und Wein aus der Toskana f\u00fcr einen Urlaub mit Essen und Wein in der Toskana suchen, befindet sich das Camping Casa di Caccia in Bibbona\" \/>\n<meta property=\"og:url\" content=\"https:\/\/www.campingcasadicaccia.com\/de\/essen-und-wein-touren\/\" \/>\n<meta property=\"og:site_name\" content=\"Camping Village Casa di Caccia\" \/>\n<meta property=\"article:publisher\" content=\"https:\/\/www.facebook.com\/campingcasadicaccia\/\" \/>\n<meta property=\"article:modified_time\" content=\"2021-04-20T08:56:58+00:00\" \/>\n<meta name=\"twitter:card\" content=\"summary_large_image\" \/>\n<meta name=\"twitter:site\" content=\"@campingbibbona\" \/>\n<meta name=\"twitter:label1\" content=\"Gesch\u00e4tzte Lesezeit\" \/>\n\t<meta name=\"twitter:data1\" content=\"1\u00a0Minute\" \/>\n<script type=\"application\/ld+json\" class=\"yoast-schema-graph\">{\"@context\":\"https:\\\/\\\/schema.org\",\"@graph\":[{\"@type\":\"WebPage\",\"@id\":\"https:\\\/\\\/www.campingcasadicaccia.com\\\/de\\\/essen-und-wein-touren\\\/\",\"url\":\"https:\\\/\\\/www.campingcasadicaccia.com\\\/de\\\/essen-und-wein-touren\\\/\",\"name\":\"Essen und Wein Urlaub in der Toskana - Marina di Bibbona\",\"isPartOf\":{\"@id\":\"https:\\\/\\\/www.campingcasadicaccia.com\\\/de\\\/#website\"},\"datePublished\":\"2021-04-15T14:33:18+00:00\",\"dateModified\":\"2021-04-20T08:56:58+00:00\",\"description\":\"Wenn Sie nach Essen und Wein aus der Toskana f\u00fcr einen Urlaub mit Essen und Wein in der Toskana suchen, befindet sich das Camping Casa di Caccia in Bibbona\",\"breadcrumb\":{\"@id\":\"https:\\\/\\\/www.campingcasadicaccia.com\\\/de\\\/essen-und-wein-touren\\\/#breadcrumb\"},\"inLanguage\":\"de\",\"potentialAction\":[{\"@type\":\"ReadAction\",\"target\":[\"https:\\\/\\\/www.campingcasadicaccia.com\\\/de\\\/essen-und-wein-touren\\\/\"]}]},{\"@type\":\"BreadcrumbList\",\"@id\":\"https:\\\/\\\/www.campingcasadicaccia.com\\\/de\\\/essen-und-wein-touren\\\/#breadcrumb\",\"itemListElement\":[{\"@type\":\"ListItem\",\"position\":1,\"name\":\"Home\",\"item\":\"https:\\\/\\\/www.campingcasadicaccia.com\\\/de\\\/\"},{\"@type\":\"ListItem\",\"position\":2,\"name\":\"Essen und Wein Touren\"}]},{\"@type\":\"WebSite\",\"@id\":\"https:\\\/\\\/www.campingcasadicaccia.com\\\/de\\\/#website\",\"url\":\"https:\\\/\\\/www.campingcasadicaccia.com\\\/de\\\/\",\"name\":\"Camping Village Casa di Caccia - Bibbona Mare Toscana\",\"description\":\"Campeggio a Marina di Bibbona Mare Toscana\",\"publisher\":{\"@id\":\"https:\\\/\\\/www.campingcasadicaccia.com\\\/de\\\/#organization\"},\"potentialAction\":[{\"@type\":\"SearchAction\",\"target\":{\"@type\":\"EntryPoint\",\"urlTemplate\":\"https:\\\/\\\/www.campingcasadicaccia.com\\\/de\\\/?s={search_term_string}\"},\"query-input\":{\"@type\":\"PropertyValueSpecification\",\"valueRequired\":true,\"valueName\":\"search_term_string\"}}],\"inLanguage\":\"de\"},{\"@type\":\"Organization\",\"@id\":\"https:\\\/\\\/www.campingcasadicaccia.com\\\/de\\\/#organization\",\"name\":\"Camping Village Casa di Caccia\",\"url\":\"https:\\\/\\\/www.campingcasadicaccia.com\\\/de\\\/\",\"logo\":{\"@type\":\"ImageObject\",\"inLanguage\":\"de\",\"@id\":\"https:\\\/\\\/www.campingcasadicaccia.com\\\/de\\\/#\\\/schema\\\/logo\\\/image\\\/\",\"url\":\"http:\\\/\\\/www.campingcasadicaccia.com\\\/wp-content\\\/uploads\\\/2021\\\/03\\\/cropped-29513181_1879193082099464_260548762173177856_o-e1616497041420.jpg\",\"contentUrl\":\"http:\\\/\\\/www.campingcasadicaccia.com\\\/wp-content\\\/uploads\\\/2021\\\/03\\\/cropped-29513181_1879193082099464_260548762173177856_o-e1616497041420.jpg\",\"width\":512,\"height\":512,\"caption\":\"Camping Village Casa di Caccia\"},\"image\":{\"@id\":\"https:\\\/\\\/www.campingcasadicaccia.com\\\/de\\\/#\\\/schema\\\/logo\\\/image\\\/\"},\"sameAs\":[\"https:\\\/\\\/www.facebook.com\\\/campingcasadicaccia\\\/\",\"https:\\\/\\\/x.com\\\/campingbibbona\",\"https:\\\/\\\/www.instagram.com\\\/casadicaccia\\\/\",\"https:\\\/\\\/www.youtube.com\\\/channel\\\/UCRufyYve3szryZbwV8JNCog\"]}]}<\/script>\n<!-- \/ Yoast SEO plugin. -->","yoast_head_json":{"title":"Essen und Wein Urlaub in der Toskana - Marina di Bibbona","description":"Wenn Sie nach Essen und Wein aus der Toskana f\u00fcr einen Urlaub mit Essen und Wein in der Toskana suchen, befindet sich das Camping Casa di Caccia in Bibbona","robots":{"index":"index","follow":"follow","max-snippet":"max-snippet:-1","max-image-preview":"max-image-preview:large","max-video-preview":"max-video-preview:-1"},"canonical":"https:\/\/www.campingcasadicaccia.com\/de\/essen-und-wein-touren\/","og_locale":"de_DE","og_type":"article","og_title":"Essen und Wein Urlaub in der Toskana - Marina di Bibbona","og_description":"Wenn Sie nach Essen und Wein aus der Toskana f\u00fcr einen Urlaub mit Essen und Wein in der Toskana suchen, befindet sich das Camping Casa di Caccia in Bibbona","og_url":"https:\/\/www.campingcasadicaccia.com\/de\/essen-und-wein-touren\/","og_site_name":"Camping Village Casa di Caccia","article_publisher":"https:\/\/www.facebook.com\/campingcasadicaccia\/","article_modified_time":"2021-04-20T08:56:58+00:00","twitter_card":"summary_large_image","twitter_site":"@campingbibbona","twitter_misc":{"Gesch\u00e4tzte Lesezeit":"1\u00a0Minute"},"schema":{"@context":"https:\/\/schema.org","@graph":[{"@type":"WebPage","@id":"https:\/\/www.campingcasadicaccia.com\/de\/essen-und-wein-touren\/","url":"https:\/\/www.campingcasadicaccia.com\/de\/essen-und-wein-touren\/","name":"Essen und Wein Urlaub in der Toskana - Marina di Bibbona","isPartOf":{"@id":"https:\/\/www.campingcasadicaccia.com\/de\/#website"},"datePublished":"2021-04-15T14:33:18+00:00","dateModified":"2021-04-20T08:56:58+00:00","description":"Wenn Sie nach Essen und Wein aus der Toskana f\u00fcr einen Urlaub mit Essen und Wein in der Toskana suchen, befindet sich das Camping Casa di Caccia in Bibbona","breadcrumb":{"@id":"https:\/\/www.campingcasadicaccia.com\/de\/essen-und-wein-touren\/#breadcrumb"},"inLanguage":"de","potentialAction":[{"@type":"ReadAction","target":["https:\/\/www.campingcasadicaccia.com\/de\/essen-und-wein-touren\/"]}]},{"@type":"BreadcrumbList","@id":"https:\/\/www.campingcasadicaccia.com\/de\/essen-und-wein-touren\/#breadcrumb","itemListElement":[{"@type":"ListItem","position":1,"name":"Home","item":"https:\/\/www.campingcasadicaccia.com\/de\/"},{"@type":"ListItem","position":2,"name":"Essen und Wein Touren"}]},{"@type":"WebSite","@id":"https:\/\/www.campingcasadicaccia.com\/de\/#website","url":"https:\/\/www.campingcasadicaccia.com\/de\/","name":"Camping Village Casa di Caccia - Bibbona Mare Toscana","description":"Campeggio a Marina di Bibbona Mare Toscana","publisher":{"@id":"https:\/\/www.campingcasadicaccia.com\/de\/#organization"},"potentialAction":[{"@type":"SearchAction","target":{"@type":"EntryPoint","urlTemplate":"https:\/\/www.campingcasadicaccia.com\/de\/?s={search_term_string}"},"query-input":{"@type":"PropertyValueSpecification","valueRequired":true,"valueName":"search_term_string"}}],"inLanguage":"de"},{"@type":"Organization","@id":"https:\/\/www.campingcasadicaccia.com\/de\/#organization","name":"Camping Village Casa di Caccia","url":"https:\/\/www.campingcasadicaccia.com\/de\/","logo":{"@type":"ImageObject","inLanguage":"de","@id":"https:\/\/www.campingcasadicaccia.com\/de\/#\/schema\/logo\/image\/","url":"http:\/\/www.campingcasadicaccia.com\/wp-content\/uploads\/2021\/03\/cropped-29513181_1879193082099464_260548762173177856_o-e1616497041420.jpg","contentUrl":"http:\/\/www.campingcasadicaccia.com\/wp-content\/uploads\/2021\/03\/cropped-29513181_1879193082099464_260548762173177856_o-e1616497041420.jpg","width":512,"height":512,"caption":"Camping Village Casa di Caccia"},"image":{"@id":"https:\/\/www.campingcasadicaccia.com\/de\/#\/schema\/logo\/image\/"},"sameAs":["https:\/\/www.facebook.com\/campingcasadicaccia\/","https:\/\/x.com\/campingbibbona","https:\/\/www.instagram.com\/casadicaccia\/","https:\/\/www.youtube.com\/channel\/UCRufyYve3szryZbwV8JNCog"]}]}},"publishpress_future_action":{"enabled":false,"date":"2026-04-23 15:55:32","action":"change-status","newStatus":"draft","terms":[],"taxonomy":"translation_priority"},"_links":{"self":[{"href":"https:\/\/www.campingcasadicaccia.com\/de\/wp-json\/wp\/v2\/pages\/3923","targetHints":{"allow":["GET"]}}],"collection":[{"href":"https:\/\/www.campingcasadicaccia.com\/de\/wp-json\/wp\/v2\/pages"}],"about":[{"href":"https:\/\/www.campingcasadicaccia.com\/de\/wp-json\/wp\/v2\/types\/page"}],"author":[{"embeddable":true,"href":"https:\/\/www.campingcasadicaccia.com\/de\/wp-json\/wp\/v2\/users\/1"}],"replies":[{"embeddable":true,"href":"https:\/\/www.campingcasadicaccia.com\/de\/wp-json\/wp\/v2\/comments?post=3923"}],"version-history":[{"count":0,"href":"https:\/\/www.campingcasadicaccia.com\/de\/wp-json\/wp\/v2\/pages\/3923\/revisions"}],"wp:attachment":[{"href":"https:\/\/www.campingcasadicaccia.com\/de\/wp-json\/wp\/v2\/media?parent=3923"}],"curies":[{"name":"wp","href":"https:\/\/api.w.org\/{rel}","templated":true}]}}