{"id":3906,"date":"2021-04-15T16:23:02","date_gmt":"2021-04-15T14:23:02","guid":{"rendered":"http:\/\/www.campingcasadicaccia.com\/markt-und-basar\/"},"modified":"2022-04-26T08:37:58","modified_gmt":"2022-04-26T06:37:58","slug":"markt-und-basar","status":"publish","type":"page","link":"https:\/\/www.campingcasadicaccia.com\/de\/markt-und-basar\/","title":{"rendered":"Markt und Basar"},"content":{"rendered":"<p>[vc_row full_width=&#8220;stretch_row&#8220; css=&#8220;.vc_custom_1616585051283{margin-top: 0px !important;padding-top: 200px !important;padding-bottom: 200px !important;background-image: url(http:\/\/www.campingcasadicaccia.com\/wp-content\/uploads\/2021\/03\/bazar-scaled.jpg?id=2969) !important;background-position: center !important;background-repeat: no-repeat !important;background-size: cover !important;}&#8220; el_class=&#8220;nd_options_vc_parallax_filter_2_5&#8243;][vc_column width=&#8220;1\/6&#8243;][\/vc_column][vc_column width=&#8220;2\/3&#8243; el_class=&#8220;nd_options_text_align_center&#8220;] <h1 style=\"color:#ffffff; padding:px; text-align:center; font-size:50px; line-height:px; letter-spacing: 2px; font-weight:lighter;\" class=\"  nd_options_font_size_40_important_all_iphone nd_options_first_font \">Markt und Basar<\/h1> <div style=\"background-color:; height: 30px;\" class=\"nicdark_section  \"><\/div>[\/vc_column][vc_column width=&#8220;1\/6&#8243;][\/vc_column][\/vc_row][vc_row full_width=&#8220;stretch_row&#8220; equal_height=&#8220;yes&#8220; content_placement=&#8220;middle&#8220; css=&#8220;.vc_custom_1616507093471{margin-bottom: 0px !important;padding-top: 50px !important;padding-bottom: 50px !important;}&#8220;][vc_column width=&#8220;1\/2&#8243;][vc_column_text css=&#8220;.vc_custom_1616507082111{padding-top: 40px !important;padding-bottom: 40px !important;}&#8220;]Unser kleiner, gut ausgestatteter Markt ist t\u00e4glich ge\u00f6ffnet. Jeden Morgen bietet er frische Milch, Eier, Obst, Gem\u00fcse und Brot (auch sonntags).<br \/>\nToskanischen EckeIn der toskanischen Ecke bietet unser Markt zahlreiche Produkte der Gegend: das hochwertige Oliven\u00f6l (extra vergine IGP), K\u00e4se und Wurstwaren, in regionaler Tradition hergestellt, sowie aromatische und vollmundige Wei\u00df-und Rotweine, auch den ber\u00fchmten Bolgheri doc. Im Basar finden Sie alles, was Sie f\u00fcr Ihren Aufenthalt brauchen, sowohl n\u00fctzliches als auch h\u00fcbsches![\/vc_column_text][\/vc_column][vc_column width=&#8220;1\/2&#8243; css=&#8220;.vc_custom_1650955035183{background-position: center !important;background-repeat: no-repeat !important;background-size: cover !important;}&#8220;][vc_images_carousel images=&#8220;15572,15569,15428,15425,15422,15419,15416&#8243; img_size=&#8220;500&#215;500&#8243;][\/vc_column][\/vc_row]<\/p>\n","protected":false},"excerpt":{"rendered":"<p>[vc_row full_width=&#8220;stretch_row&#8220; css=&#8220;.vc_custom_1616585051283{margin-top: 0px !important;padding-top: 200px !important;padding-bottom: 200px !important;background-image: url(http:\/\/www.campingcasadicaccia.com\/wp-content\/uploads\/2021\/03\/bazar-scaled.jpg?id=2969) !important;background-position: center !important;background-repeat: no-repeat !important;background-size: cover !important;}&#8220; el_class=&#8220;nd_options_vc_parallax_filter_2_5&#8243;][vc_column width=&#8220;1\/6&#8243;][\/vc_column][vc_column width=&#8220;2\/3&#8243; el_class=&#8220;nd_options_text_align_center&#8220;][\/vc_column][vc_column width=&#8220;1\/6&#8243;][\/vc_column][\/vc_row][vc_row full_width=&#8220;stretch_row&#8220; equal_height=&#8220;yes&#8220; content_placement=&#8220;middle&#8220; css=&#8220;.vc_custom_1616507093471{margin-bottom: 0px !important;padding-top: 50px !important;padding-bottom: 50px !important;}&#8220;][vc_column width=&#8220;1\/2&#8243;][vc_column_text css=&#8220;.vc_custom_1616507082111{padding-top: 40px !important;padding-bottom: 40px !important;}&#8220;]Unser kleiner, gut ausgestatteter Markt ist t\u00e4glich ge\u00f6ffnet. Jeden Morgen bietet er frische Milch, Eier, Obst, Gem\u00fcse und [&hellip;]<\/p>\n","protected":false},"author":1,"featured_media":0,"parent":0,"menu_order":0,"comment_status":"closed","ping_status":"closed","template":"","meta":{"_joinchat":[],"footnotes":""},"class_list":["post-3906","page","type-page","status-publish","hentry"],"yoast_head":"<!-- This site is optimized with the Yoast SEO plugin v27.5 - https:\/\/yoast.com\/product\/yoast-seo-wordpress\/ -->\n<title>Campingplatz mit typisch frischen toskanischen Produkten, \u00d6l, Milch, Eiern, Obst<\/title>\n<meta name=\"description\" content=\"Campingplatz mit typisch frischen toskanischen Produkten, \u00d6l, Milch, Eiern, Obst auf unserem Basar, der bei km 0 immer mit lokalen Produkten gef\u00fcllt ist\" \/>\n<meta name=\"robots\" content=\"index, follow, max-snippet:-1, max-image-preview:large, max-video-preview:-1\" \/>\n<link rel=\"canonical\" href=\"https:\/\/www.campingcasadicaccia.com\/de\/markt-und-basar\/\" \/>\n<meta property=\"og:locale\" content=\"de_DE\" \/>\n<meta property=\"og:type\" content=\"article\" \/>\n<meta property=\"og:title\" content=\"Campingplatz mit typisch frischen toskanischen Produkten, \u00d6l, Milch, Eiern, Obst\" \/>\n<meta property=\"og:description\" content=\"Campingplatz mit typisch frischen toskanischen Produkten, \u00d6l, Milch, Eiern, Obst auf unserem Basar, der bei km 0 immer mit lokalen Produkten gef\u00fcllt ist\" \/>\n<meta property=\"og:url\" content=\"https:\/\/www.campingcasadicaccia.com\/de\/markt-und-basar\/\" \/>\n<meta property=\"og:site_name\" content=\"Camping Village Casa di Caccia\" \/>\n<meta property=\"article:publisher\" content=\"https:\/\/www.facebook.com\/campingcasadicaccia\/\" \/>\n<meta property=\"article:modified_time\" content=\"2022-04-26T06:37:58+00:00\" \/>\n<meta name=\"twitter:card\" content=\"summary_large_image\" \/>\n<meta name=\"twitter:site\" content=\"@campingbibbona\" \/>\n<meta name=\"twitter:label1\" content=\"Gesch\u00e4tzte Lesezeit\" \/>\n\t<meta name=\"twitter:data1\" content=\"1\u00a0Minute\" \/>\n<script type=\"application\/ld+json\" class=\"yoast-schema-graph\">{\"@context\":\"https:\\\/\\\/schema.org\",\"@graph\":[{\"@type\":\"WebPage\",\"@id\":\"https:\\\/\\\/www.campingcasadicaccia.com\\\/de\\\/markt-und-basar\\\/\",\"url\":\"https:\\\/\\\/www.campingcasadicaccia.com\\\/de\\\/markt-und-basar\\\/\",\"name\":\"Campingplatz mit typisch frischen toskanischen Produkten, \u00d6l, Milch, Eiern, Obst\",\"isPartOf\":{\"@id\":\"https:\\\/\\\/www.campingcasadicaccia.com\\\/de\\\/#website\"},\"datePublished\":\"2021-04-15T14:23:02+00:00\",\"dateModified\":\"2022-04-26T06:37:58+00:00\",\"description\":\"Campingplatz mit typisch frischen toskanischen Produkten, \u00d6l, Milch, Eiern, Obst auf unserem Basar, der bei km 0 immer mit lokalen Produkten gef\u00fcllt ist\",\"breadcrumb\":{\"@id\":\"https:\\\/\\\/www.campingcasadicaccia.com\\\/de\\\/markt-und-basar\\\/#breadcrumb\"},\"inLanguage\":\"de\",\"potentialAction\":[{\"@type\":\"ReadAction\",\"target\":[\"https:\\\/\\\/www.campingcasadicaccia.com\\\/de\\\/markt-und-basar\\\/\"]}]},{\"@type\":\"BreadcrumbList\",\"@id\":\"https:\\\/\\\/www.campingcasadicaccia.com\\\/de\\\/markt-und-basar\\\/#breadcrumb\",\"itemListElement\":[{\"@type\":\"ListItem\",\"position\":1,\"name\":\"Home\",\"item\":\"https:\\\/\\\/www.campingcasadicaccia.com\\\/de\\\/\"},{\"@type\":\"ListItem\",\"position\":2,\"name\":\"Markt und Basar\"}]},{\"@type\":\"WebSite\",\"@id\":\"https:\\\/\\\/www.campingcasadicaccia.com\\\/de\\\/#website\",\"url\":\"https:\\\/\\\/www.campingcasadicaccia.com\\\/de\\\/\",\"name\":\"Camping Village Casa di Caccia - Bibbona Mare Toscana\",\"description\":\"Campeggio a Marina di Bibbona Mare Toscana\",\"publisher\":{\"@id\":\"https:\\\/\\\/www.campingcasadicaccia.com\\\/de\\\/#organization\"},\"potentialAction\":[{\"@type\":\"SearchAction\",\"target\":{\"@type\":\"EntryPoint\",\"urlTemplate\":\"https:\\\/\\\/www.campingcasadicaccia.com\\\/de\\\/?s={search_term_string}\"},\"query-input\":{\"@type\":\"PropertyValueSpecification\",\"valueRequired\":true,\"valueName\":\"search_term_string\"}}],\"inLanguage\":\"de\"},{\"@type\":\"Organization\",\"@id\":\"https:\\\/\\\/www.campingcasadicaccia.com\\\/de\\\/#organization\",\"name\":\"Camping Village Casa di Caccia\",\"url\":\"https:\\\/\\\/www.campingcasadicaccia.com\\\/de\\\/\",\"logo\":{\"@type\":\"ImageObject\",\"inLanguage\":\"de\",\"@id\":\"https:\\\/\\\/www.campingcasadicaccia.com\\\/de\\\/#\\\/schema\\\/logo\\\/image\\\/\",\"url\":\"http:\\\/\\\/www.campingcasadicaccia.com\\\/wp-content\\\/uploads\\\/2021\\\/03\\\/cropped-29513181_1879193082099464_260548762173177856_o-e1616497041420.jpg\",\"contentUrl\":\"http:\\\/\\\/www.campingcasadicaccia.com\\\/wp-content\\\/uploads\\\/2021\\\/03\\\/cropped-29513181_1879193082099464_260548762173177856_o-e1616497041420.jpg\",\"width\":512,\"height\":512,\"caption\":\"Camping Village Casa di Caccia\"},\"image\":{\"@id\":\"https:\\\/\\\/www.campingcasadicaccia.com\\\/de\\\/#\\\/schema\\\/logo\\\/image\\\/\"},\"sameAs\":[\"https:\\\/\\\/www.facebook.com\\\/campingcasadicaccia\\\/\",\"https:\\\/\\\/x.com\\\/campingbibbona\",\"https:\\\/\\\/www.instagram.com\\\/casadicaccia\\\/\",\"https:\\\/\\\/www.youtube.com\\\/channel\\\/UCRufyYve3szryZbwV8JNCog\"]}]}<\/script>\n<!-- \/ Yoast SEO plugin. -->","yoast_head_json":{"title":"Campingplatz mit typisch frischen toskanischen Produkten, \u00d6l, Milch, Eiern, Obst","description":"Campingplatz mit typisch frischen toskanischen Produkten, \u00d6l, Milch, Eiern, Obst auf unserem Basar, der bei km 0 immer mit lokalen Produkten gef\u00fcllt ist","robots":{"index":"index","follow":"follow","max-snippet":"max-snippet:-1","max-image-preview":"max-image-preview:large","max-video-preview":"max-video-preview:-1"},"canonical":"https:\/\/www.campingcasadicaccia.com\/de\/markt-und-basar\/","og_locale":"de_DE","og_type":"article","og_title":"Campingplatz mit typisch frischen toskanischen Produkten, \u00d6l, Milch, Eiern, Obst","og_description":"Campingplatz mit typisch frischen toskanischen Produkten, \u00d6l, Milch, Eiern, Obst auf unserem Basar, der bei km 0 immer mit lokalen Produkten gef\u00fcllt ist","og_url":"https:\/\/www.campingcasadicaccia.com\/de\/markt-und-basar\/","og_site_name":"Camping Village Casa di Caccia","article_publisher":"https:\/\/www.facebook.com\/campingcasadicaccia\/","article_modified_time":"2022-04-26T06:37:58+00:00","twitter_card":"summary_large_image","twitter_site":"@campingbibbona","twitter_misc":{"Gesch\u00e4tzte Lesezeit":"1\u00a0Minute"},"schema":{"@context":"https:\/\/schema.org","@graph":[{"@type":"WebPage","@id":"https:\/\/www.campingcasadicaccia.com\/de\/markt-und-basar\/","url":"https:\/\/www.campingcasadicaccia.com\/de\/markt-und-basar\/","name":"Campingplatz mit typisch frischen toskanischen Produkten, \u00d6l, Milch, Eiern, Obst","isPartOf":{"@id":"https:\/\/www.campingcasadicaccia.com\/de\/#website"},"datePublished":"2021-04-15T14:23:02+00:00","dateModified":"2022-04-26T06:37:58+00:00","description":"Campingplatz mit typisch frischen toskanischen Produkten, \u00d6l, Milch, Eiern, Obst auf unserem Basar, der bei km 0 immer mit lokalen Produkten gef\u00fcllt ist","breadcrumb":{"@id":"https:\/\/www.campingcasadicaccia.com\/de\/markt-und-basar\/#breadcrumb"},"inLanguage":"de","potentialAction":[{"@type":"ReadAction","target":["https:\/\/www.campingcasadicaccia.com\/de\/markt-und-basar\/"]}]},{"@type":"BreadcrumbList","@id":"https:\/\/www.campingcasadicaccia.com\/de\/markt-und-basar\/#breadcrumb","itemListElement":[{"@type":"ListItem","position":1,"name":"Home","item":"https:\/\/www.campingcasadicaccia.com\/de\/"},{"@type":"ListItem","position":2,"name":"Markt und Basar"}]},{"@type":"WebSite","@id":"https:\/\/www.campingcasadicaccia.com\/de\/#website","url":"https:\/\/www.campingcasadicaccia.com\/de\/","name":"Camping Village Casa di Caccia - Bibbona Mare Toscana","description":"Campeggio a Marina di Bibbona Mare Toscana","publisher":{"@id":"https:\/\/www.campingcasadicaccia.com\/de\/#organization"},"potentialAction":[{"@type":"SearchAction","target":{"@type":"EntryPoint","urlTemplate":"https:\/\/www.campingcasadicaccia.com\/de\/?s={search_term_string}"},"query-input":{"@type":"PropertyValueSpecification","valueRequired":true,"valueName":"search_term_string"}}],"inLanguage":"de"},{"@type":"Organization","@id":"https:\/\/www.campingcasadicaccia.com\/de\/#organization","name":"Camping Village Casa di Caccia","url":"https:\/\/www.campingcasadicaccia.com\/de\/","logo":{"@type":"ImageObject","inLanguage":"de","@id":"https:\/\/www.campingcasadicaccia.com\/de\/#\/schema\/logo\/image\/","url":"http:\/\/www.campingcasadicaccia.com\/wp-content\/uploads\/2021\/03\/cropped-29513181_1879193082099464_260548762173177856_o-e1616497041420.jpg","contentUrl":"http:\/\/www.campingcasadicaccia.com\/wp-content\/uploads\/2021\/03\/cropped-29513181_1879193082099464_260548762173177856_o-e1616497041420.jpg","width":512,"height":512,"caption":"Camping Village Casa di Caccia"},"image":{"@id":"https:\/\/www.campingcasadicaccia.com\/de\/#\/schema\/logo\/image\/"},"sameAs":["https:\/\/www.facebook.com\/campingcasadicaccia\/","https:\/\/x.com\/campingbibbona","https:\/\/www.instagram.com\/casadicaccia\/","https:\/\/www.youtube.com\/channel\/UCRufyYve3szryZbwV8JNCog"]}]}},"publishpress_future_action":{"enabled":false,"date":"2026-05-07 06:33:07","action":"change-status","newStatus":"draft","terms":[],"taxonomy":"translation_priority"},"_links":{"self":[{"href":"https:\/\/www.campingcasadicaccia.com\/de\/wp-json\/wp\/v2\/pages\/3906","targetHints":{"allow":["GET"]}}],"collection":[{"href":"https:\/\/www.campingcasadicaccia.com\/de\/wp-json\/wp\/v2\/pages"}],"about":[{"href":"https:\/\/www.campingcasadicaccia.com\/de\/wp-json\/wp\/v2\/types\/page"}],"author":[{"embeddable":true,"href":"https:\/\/www.campingcasadicaccia.com\/de\/wp-json\/wp\/v2\/users\/1"}],"replies":[{"embeddable":true,"href":"https:\/\/www.campingcasadicaccia.com\/de\/wp-json\/wp\/v2\/comments?post=3906"}],"version-history":[{"count":0,"href":"https:\/\/www.campingcasadicaccia.com\/de\/wp-json\/wp\/v2\/pages\/3906\/revisions"}],"wp:attachment":[{"href":"https:\/\/www.campingcasadicaccia.com\/de\/wp-json\/wp\/v2\/media?parent=3906"}],"curies":[{"name":"wp","href":"https:\/\/api.w.org\/{rel}","templated":true}]}}