{"id":3897,"date":"2021-04-15T16:05:49","date_gmt":"2021-04-15T14:05:49","guid":{"rendered":"http:\/\/www.campingcasadicaccia.com\/restaurant-pizzeria\/"},"modified":"2026-04-08T08:53:15","modified_gmt":"2026-04-08T06:53:15","slug":"restaurant-pizzeria","status":"publish","type":"page","link":"https:\/\/www.campingcasadicaccia.com\/de\/restaurant-pizzeria\/","title":{"rendered":"Restaurant Pizzeria"},"content":{"rendered":"<p>[vc_row full_width=&#8220;stretch_row&#8220; css=&#8220;.vc_custom_1650623070060{margin-top: 0px !important;padding-top: 200px !important;padding-bottom: 200px !important;background-image: url(https:\/\/www.campingcasadicaccia.com\/wp-content\/uploads\/2022\/04\/IVHP9601-copia.jpg?id=15378) !important;background-position: center !important;background-repeat: no-repeat !important;background-size: cover !important;}&#8220; el_class=&#8220;nd_options_vc_parallax_filter_2_5&#8243;][vc_column width=&#8220;1\/6&#8243;][\/vc_column][vc_column width=&#8220;2\/3&#8243; el_class=&#8220;nd_options_text_align_center&#8220;] <h1 style=\"color:#ffffff; padding:px; text-align:center; font-size:50px; line-height:px; letter-spacing: 2px; font-weight:lighter;\" class=\"  nd_options_font_size_40_important_all_iphone nd_options_first_font \">Ristorante - Pizzeria<\/h1> <div style=\"background-color:; height: 30px;\" class=\"nicdark_section  \"><\/div> <h1 style=\"color:#ffffff; padding:px; text-align:center; font-size:20px; line-height:30px; letter-spacing: px; font-weight:lighter;\" class=\"  nd_options_text_align_center_responsive_important nd_options_first_font \">Im Freien oder gesch\u00fctzt in einer hellen Veranda, wird unserer Restaurant-Pizzeria Sie mit seinen D\u00fcften und Aromen \u00fcberraschen.<\/h1> [\/vc_column][vc_column width=&#8220;1\/6&#8243;][\/vc_column][\/vc_row][vc_row full_width=&#8220;stretch_row&#8220; equal_height=&#8220;yes&#8220; content_placement=&#8220;middle&#8220; css=&#8220;.vc_custom_1616506937958{margin-bottom: 0px !important;padding-top: 50px !important;padding-bottom: 50px !important;}&#8220;][vc_column width=&#8220;1\/2&#8243;][vc_column_text css=&#8220;.vc_custom_1681827906651{padding-top: 40px !important;padding-bottom: 40px !important;}&#8220;]Gegrilltes Fleisch und Fisch, ausgezeichnete Pasta und toskanische Suppen, hausgemachte Kuchen und hervorragende Pizzen &#8230; Sie haben die Wahl![\/vc_column_text][\/vc_column][vc_column width=&#8220;1\/2&#8243; css=&#8220;.vc_custom_1650622837663{background-position: center !important;background-repeat: no-repeat !important;background-size: cover !important;}&#8220;][vc_images_carousel images=&#8220;15388,15391&#8243; img_size=&#8220;500&#215;334&#8243; autoplay=&#8220;yes&#8220;][\/vc_column][\/vc_row][vc_row full_width=&#8220;stretch_row&#8220; equal_height=&#8220;yes&#8220; content_placement=&#8220;middle&#8220; css=&#8220;.vc_custom_1616506937958{margin-bottom: 0px !important;padding-top: 50px !important;padding-bottom: 50px !important;}&#8220;][vc_column width=&#8220;1\/2&#8243; css=&#8220;.vc_custom_1650622837663{background-position: center !important;background-repeat: no-repeat !important;background-size: cover !important;}&#8220;][vc_images_carousel images=&#8220;15382,15385&#8243; img_size=&#8220;500&#215;334&#8243; autoplay=&#8220;yes&#8220;][\/vc_column][vc_column width=&#8220;1\/2&#8243;][vc_column_text]<\/p>\n<h2 style=\"text-align: center;\">Entdecken Sie unser Men\u00fc<\/h2>\n<p>[\/vc_column_text][vc_empty_space][vc_single_image image=&#8220;77816&#8243; img_size=&#8220;200&#215;200&#8243; alignment=&#8220;center&#8220; onclick=&#8220;custom_link&#8220; link=&#8220;https:\/\/www.campingcasadicaccia.com\/wp-content\/uploads\/2026\/04\/CasaDiCaccia_Menu-Ristorante-2026.pdf&#8220;][\/vc_column][\/vc_row]<\/p>\n","protected":false},"excerpt":{"rendered":"<p>[vc_row full_width=&#8220;stretch_row&#8220; css=&#8220;.vc_custom_1650623070060{margin-top: 0px !important;padding-top: 200px !important;padding-bottom: 200px !important;background-image: url(https:\/\/www.campingcasadicaccia.com\/wp-content\/uploads\/2022\/04\/IVHP9601-copia.jpg?id=15378) !important;background-position: center !important;background-repeat: no-repeat !important;background-size: cover !important;}&#8220; el_class=&#8220;nd_options_vc_parallax_filter_2_5&#8243;][vc_column width=&#8220;1\/6&#8243;][\/vc_column][vc_column width=&#8220;2\/3&#8243; el_class=&#8220;nd_options_text_align_center&#8220;][\/vc_column][vc_column width=&#8220;1\/6&#8243;][\/vc_column][\/vc_row][vc_row full_width=&#8220;stretch_row&#8220; equal_height=&#8220;yes&#8220; content_placement=&#8220;middle&#8220; css=&#8220;.vc_custom_1616506937958{margin-bottom: 0px !important;padding-top: 50px !important;padding-bottom: 50px !important;}&#8220;][vc_column width=&#8220;1\/2&#8243;][vc_column_text css=&#8220;.vc_custom_1681827906651{padding-top: 40px !important;padding-bottom: 40px !important;}&#8220;]Gegrilltes Fleisch und Fisch, ausgezeichnete Pasta und toskanische Suppen, hausgemachte Kuchen und hervorragende Pizzen &#8230; Sie haben die [&hellip;]<\/p>\n","protected":false},"author":1,"featured_media":0,"parent":0,"menu_order":0,"comment_status":"closed","ping_status":"closed","template":"","meta":{"_joinchat":[],"footnotes":""},"class_list":["post-3897","page","type-page","status-publish","hentry"],"yoast_head":"<!-- This site is optimized with the Yoast SEO plugin v27.6 - https:\/\/yoast.com\/product\/yoast-seo-wordpress\/ -->\n<title>Camping mit Restaurant Marina di Bibbona, Pizzeria und zum Mitnehmen<\/title>\n<meta name=\"description\" content=\"Das Camping mit Restaurant Marina di Bibbona bietet seinen G\u00e4sten eine einfache und raffinierte K\u00fcche mit der M\u00f6glichkeit zum Mitnehmen und Pizzeria\" \/>\n<meta name=\"robots\" content=\"index, follow, max-snippet:-1, max-image-preview:large, max-video-preview:-1\" \/>\n<link rel=\"canonical\" href=\"https:\/\/www.campingcasadicaccia.com\/de\/restaurant-pizzeria\/\" \/>\n<meta property=\"og:locale\" content=\"de_DE\" \/>\n<meta property=\"og:type\" content=\"article\" \/>\n<meta property=\"og:title\" content=\"Camping mit Restaurant Marina di Bibbona, Pizzeria und zum Mitnehmen\" \/>\n<meta property=\"og:description\" content=\"Das Camping mit Restaurant Marina di Bibbona bietet seinen G\u00e4sten eine einfache und raffinierte K\u00fcche mit der M\u00f6glichkeit zum Mitnehmen und Pizzeria\" \/>\n<meta property=\"og:url\" content=\"https:\/\/www.campingcasadicaccia.com\/de\/restaurant-pizzeria\/\" \/>\n<meta property=\"og:site_name\" content=\"Camping Village Casa di Caccia\" \/>\n<meta property=\"article:publisher\" content=\"https:\/\/www.facebook.com\/campingcasadicaccia\/\" \/>\n<meta property=\"article:modified_time\" content=\"2026-04-08T06:53:15+00:00\" \/>\n<meta name=\"twitter:card\" content=\"summary_large_image\" \/>\n<meta name=\"twitter:site\" content=\"@campingbibbona\" \/>\n<meta name=\"twitter:label1\" content=\"Gesch\u00e4tzte Lesezeit\" \/>\n\t<meta name=\"twitter:data1\" content=\"1\u00a0Minute\" \/>\n<script type=\"application\/ld+json\" class=\"yoast-schema-graph\">{\"@context\":\"https:\\\/\\\/schema.org\",\"@graph\":[{\"@type\":\"WebPage\",\"@id\":\"https:\\\/\\\/www.campingcasadicaccia.com\\\/de\\\/restaurant-pizzeria\\\/\",\"url\":\"https:\\\/\\\/www.campingcasadicaccia.com\\\/de\\\/restaurant-pizzeria\\\/\",\"name\":\"Camping mit Restaurant Marina di Bibbona, Pizzeria und zum Mitnehmen\",\"isPartOf\":{\"@id\":\"https:\\\/\\\/www.campingcasadicaccia.com\\\/de\\\/#website\"},\"datePublished\":\"2021-04-15T14:05:49+00:00\",\"dateModified\":\"2026-04-08T06:53:15+00:00\",\"description\":\"Das Camping mit Restaurant Marina di Bibbona bietet seinen G\u00e4sten eine einfache und raffinierte K\u00fcche mit der M\u00f6glichkeit zum Mitnehmen und Pizzeria\",\"breadcrumb\":{\"@id\":\"https:\\\/\\\/www.campingcasadicaccia.com\\\/de\\\/restaurant-pizzeria\\\/#breadcrumb\"},\"inLanguage\":\"de\",\"potentialAction\":[{\"@type\":\"ReadAction\",\"target\":[\"https:\\\/\\\/www.campingcasadicaccia.com\\\/de\\\/restaurant-pizzeria\\\/\"]}]},{\"@type\":\"BreadcrumbList\",\"@id\":\"https:\\\/\\\/www.campingcasadicaccia.com\\\/de\\\/restaurant-pizzeria\\\/#breadcrumb\",\"itemListElement\":[{\"@type\":\"ListItem\",\"position\":1,\"name\":\"Home\",\"item\":\"https:\\\/\\\/www.campingcasadicaccia.com\\\/de\\\/\"},{\"@type\":\"ListItem\",\"position\":2,\"name\":\"Restaurant Pizzeria\"}]},{\"@type\":\"WebSite\",\"@id\":\"https:\\\/\\\/www.campingcasadicaccia.com\\\/de\\\/#website\",\"url\":\"https:\\\/\\\/www.campingcasadicaccia.com\\\/de\\\/\",\"name\":\"Camping Village Casa di Caccia - Bibbona Mare Toscana\",\"description\":\"Campeggio a Marina di Bibbona Mare Toscana\",\"publisher\":{\"@id\":\"https:\\\/\\\/www.campingcasadicaccia.com\\\/de\\\/#organization\"},\"potentialAction\":[{\"@type\":\"SearchAction\",\"target\":{\"@type\":\"EntryPoint\",\"urlTemplate\":\"https:\\\/\\\/www.campingcasadicaccia.com\\\/de\\\/?s={search_term_string}\"},\"query-input\":{\"@type\":\"PropertyValueSpecification\",\"valueRequired\":true,\"valueName\":\"search_term_string\"}}],\"inLanguage\":\"de\"},{\"@type\":\"Organization\",\"@id\":\"https:\\\/\\\/www.campingcasadicaccia.com\\\/de\\\/#organization\",\"name\":\"Camping Village Casa di Caccia\",\"url\":\"https:\\\/\\\/www.campingcasadicaccia.com\\\/de\\\/\",\"logo\":{\"@type\":\"ImageObject\",\"inLanguage\":\"de\",\"@id\":\"https:\\\/\\\/www.campingcasadicaccia.com\\\/de\\\/#\\\/schema\\\/logo\\\/image\\\/\",\"url\":\"http:\\\/\\\/www.campingcasadicaccia.com\\\/wp-content\\\/uploads\\\/2021\\\/03\\\/cropped-29513181_1879193082099464_260548762173177856_o-e1616497041420.jpg\",\"contentUrl\":\"http:\\\/\\\/www.campingcasadicaccia.com\\\/wp-content\\\/uploads\\\/2021\\\/03\\\/cropped-29513181_1879193082099464_260548762173177856_o-e1616497041420.jpg\",\"width\":512,\"height\":512,\"caption\":\"Camping Village Casa di Caccia\"},\"image\":{\"@id\":\"https:\\\/\\\/www.campingcasadicaccia.com\\\/de\\\/#\\\/schema\\\/logo\\\/image\\\/\"},\"sameAs\":[\"https:\\\/\\\/www.facebook.com\\\/campingcasadicaccia\\\/\",\"https:\\\/\\\/x.com\\\/campingbibbona\",\"https:\\\/\\\/www.instagram.com\\\/casadicaccia\\\/\",\"https:\\\/\\\/www.youtube.com\\\/channel\\\/UCRufyYve3szryZbwV8JNCog\"]}]}<\/script>\n<!-- \/ Yoast SEO plugin. -->","yoast_head_json":{"title":"Camping mit Restaurant Marina di Bibbona, Pizzeria und zum Mitnehmen","description":"Das Camping mit Restaurant Marina di Bibbona bietet seinen G\u00e4sten eine einfache und raffinierte K\u00fcche mit der M\u00f6glichkeit zum Mitnehmen und Pizzeria","robots":{"index":"index","follow":"follow","max-snippet":"max-snippet:-1","max-image-preview":"max-image-preview:large","max-video-preview":"max-video-preview:-1"},"canonical":"https:\/\/www.campingcasadicaccia.com\/de\/restaurant-pizzeria\/","og_locale":"de_DE","og_type":"article","og_title":"Camping mit Restaurant Marina di Bibbona, Pizzeria und zum Mitnehmen","og_description":"Das Camping mit Restaurant Marina di Bibbona bietet seinen G\u00e4sten eine einfache und raffinierte K\u00fcche mit der M\u00f6glichkeit zum Mitnehmen und Pizzeria","og_url":"https:\/\/www.campingcasadicaccia.com\/de\/restaurant-pizzeria\/","og_site_name":"Camping Village Casa di Caccia","article_publisher":"https:\/\/www.facebook.com\/campingcasadicaccia\/","article_modified_time":"2026-04-08T06:53:15+00:00","twitter_card":"summary_large_image","twitter_site":"@campingbibbona","twitter_misc":{"Gesch\u00e4tzte Lesezeit":"1\u00a0Minute"},"schema":{"@context":"https:\/\/schema.org","@graph":[{"@type":"WebPage","@id":"https:\/\/www.campingcasadicaccia.com\/de\/restaurant-pizzeria\/","url":"https:\/\/www.campingcasadicaccia.com\/de\/restaurant-pizzeria\/","name":"Camping mit Restaurant Marina di Bibbona, Pizzeria und zum Mitnehmen","isPartOf":{"@id":"https:\/\/www.campingcasadicaccia.com\/de\/#website"},"datePublished":"2021-04-15T14:05:49+00:00","dateModified":"2026-04-08T06:53:15+00:00","description":"Das Camping mit Restaurant Marina di Bibbona bietet seinen G\u00e4sten eine einfache und raffinierte K\u00fcche mit der M\u00f6glichkeit zum Mitnehmen und Pizzeria","breadcrumb":{"@id":"https:\/\/www.campingcasadicaccia.com\/de\/restaurant-pizzeria\/#breadcrumb"},"inLanguage":"de","potentialAction":[{"@type":"ReadAction","target":["https:\/\/www.campingcasadicaccia.com\/de\/restaurant-pizzeria\/"]}]},{"@type":"BreadcrumbList","@id":"https:\/\/www.campingcasadicaccia.com\/de\/restaurant-pizzeria\/#breadcrumb","itemListElement":[{"@type":"ListItem","position":1,"name":"Home","item":"https:\/\/www.campingcasadicaccia.com\/de\/"},{"@type":"ListItem","position":2,"name":"Restaurant Pizzeria"}]},{"@type":"WebSite","@id":"https:\/\/www.campingcasadicaccia.com\/de\/#website","url":"https:\/\/www.campingcasadicaccia.com\/de\/","name":"Camping Village Casa di Caccia - Bibbona Mare Toscana","description":"Campeggio a Marina di Bibbona Mare Toscana","publisher":{"@id":"https:\/\/www.campingcasadicaccia.com\/de\/#organization"},"potentialAction":[{"@type":"SearchAction","target":{"@type":"EntryPoint","urlTemplate":"https:\/\/www.campingcasadicaccia.com\/de\/?s={search_term_string}"},"query-input":{"@type":"PropertyValueSpecification","valueRequired":true,"valueName":"search_term_string"}}],"inLanguage":"de"},{"@type":"Organization","@id":"https:\/\/www.campingcasadicaccia.com\/de\/#organization","name":"Camping Village Casa di Caccia","url":"https:\/\/www.campingcasadicaccia.com\/de\/","logo":{"@type":"ImageObject","inLanguage":"de","@id":"https:\/\/www.campingcasadicaccia.com\/de\/#\/schema\/logo\/image\/","url":"http:\/\/www.campingcasadicaccia.com\/wp-content\/uploads\/2021\/03\/cropped-29513181_1879193082099464_260548762173177856_o-e1616497041420.jpg","contentUrl":"http:\/\/www.campingcasadicaccia.com\/wp-content\/uploads\/2021\/03\/cropped-29513181_1879193082099464_260548762173177856_o-e1616497041420.jpg","width":512,"height":512,"caption":"Camping Village Casa di Caccia"},"image":{"@id":"https:\/\/www.campingcasadicaccia.com\/de\/#\/schema\/logo\/image\/"},"sameAs":["https:\/\/www.facebook.com\/campingcasadicaccia\/","https:\/\/x.com\/campingbibbona","https:\/\/www.instagram.com\/casadicaccia\/","https:\/\/www.youtube.com\/channel\/UCRufyYve3szryZbwV8JNCog"]}]}},"publishpress_future_action":{"enabled":false,"date":"2026-05-24 11:01:37","action":"change-status","newStatus":"draft","terms":[],"taxonomy":"translation_priority"},"_links":{"self":[{"href":"https:\/\/www.campingcasadicaccia.com\/de\/wp-json\/wp\/v2\/pages\/3897","targetHints":{"allow":["GET"]}}],"collection":[{"href":"https:\/\/www.campingcasadicaccia.com\/de\/wp-json\/wp\/v2\/pages"}],"about":[{"href":"https:\/\/www.campingcasadicaccia.com\/de\/wp-json\/wp\/v2\/types\/page"}],"author":[{"embeddable":true,"href":"https:\/\/www.campingcasadicaccia.com\/de\/wp-json\/wp\/v2\/users\/1"}],"replies":[{"embeddable":true,"href":"https:\/\/www.campingcasadicaccia.com\/de\/wp-json\/wp\/v2\/comments?post=3897"}],"version-history":[{"count":4,"href":"https:\/\/www.campingcasadicaccia.com\/de\/wp-json\/wp\/v2\/pages\/3897\/revisions"}],"predecessor-version":[{"id":77820,"href":"https:\/\/www.campingcasadicaccia.com\/de\/wp-json\/wp\/v2\/pages\/3897\/revisions\/77820"}],"wp:attachment":[{"href":"https:\/\/www.campingcasadicaccia.com\/de\/wp-json\/wp\/v2\/media?parent=3897"}],"curies":[{"name":"wp","href":"https:\/\/api.w.org\/{rel}","templated":true}]}}