{"id":3888,"date":"2021-04-15T15:56:09","date_gmt":"2021-04-15T13:56:09","guid":{"rendered":"http:\/\/www.campingcasadicaccia.com\/kinderoase\/"},"modified":"2022-04-22T11:52:54","modified_gmt":"2022-04-22T09:52:54","slug":"kinderoase","status":"publish","type":"page","link":"https:\/\/www.campingcasadicaccia.com\/de\/kinderoase\/","title":{"rendered":"Kinderoase"},"content":{"rendered":"<p>[vc_row full_width=&#8220;stretch_row&#8220; css=&#8220;.vc_custom_1650621078601{margin-top: 0px !important;padding-top: 200px !important;padding-bottom: 200px !important;background-image: url(https:\/\/www.campingcasadicaccia.com\/wp-content\/uploads\/2022\/04\/PQDK0549-copia.jpg?id=15363) !important;background-position: center !important;background-repeat: no-repeat !important;background-size: cover !important;}&#8220; el_class=&#8220;nd_options_vc_parallax_filter_2_5&#8243;][vc_column width=&#8220;1\/6&#8243;][\/vc_column][vc_column width=&#8220;2\/3&#8243; el_class=&#8220;nd_options_text_align_center&#8220;] <h1 style=\"color:#ffffff; padding:px; text-align:center; font-size:50px; line-height:px; letter-spacing: 2px; font-weight:lighter;\" class=\"  nd_options_font_size_40_important_all_iphone nd_options_first_font \">Kinderoase<\/h1> <div style=\"background-color:; height: 30px;\" class=\"nicdark_section  \"><\/div> <h1 style=\"color:#ffffff; padding:px; text-align:center; font-size:20px; line-height:30px; letter-spacing: px; font-weight:lighter;\" class=\"  nd_options_text_align_center_responsive_important nd_options_first_font \">'Ohne Sorgen', so muss es ein besonderer Urlaub sein, und so bietet Camping Casa di Caccia ein echtes Paradies f\u00fcr Ihre Kinder!<\/h1> [\/vc_column][vc_column width=&#8220;1\/6&#8243;][\/vc_column][\/vc_row][vc_row full_width=&#8220;stretch_row&#8220; equal_height=&#8220;yes&#8220; content_placement=&#8220;middle&#8220; css=&#8220;.vc_custom_1616506777784{margin-bottom: 0px !important;padding-top: 50px !important;padding-bottom: 0px !important;}&#8220;][vc_column width=&#8220;1\/2&#8243;][vc_column_text css=&#8220;.vc_custom_1616506735441{padding-top: 40px !important;padding-bottom: 40px !important;}&#8220;]Im Schatten der Pinienb\u00e4ume, direkt an unserem sch\u00f6nen Privatstrand, auf dem Spielplatz, von unseren Animateuren unterhalten, mit individuellen Programmen je nach Altersgruppe, werden Ihre Kinder die Qual der Wahl haben und Sie k\u00f6nnen Ihre Tage und Abende genie\u00dfen &#8230; Ohne Sorgen!<\/p>\n<p>Baby Club: Spiele und Aktivit\u00e4ten f\u00fcr Kinder im Alter von 4 bis 10 Jahren<\/p>\n<p>Junior Club: Spiele und Aktivit\u00e4ten f\u00fcr Kinder von 11 bis 15 Jahren<\/p>\n<p>F\u00fcr jede Altersgruppe das richtige Unterhaltungsprogramm: Bastelkurse, Herstellung von Puppen, Kindertanz, Kabarett, Schatzsuche, Bingo, Mini-Turniere, Tischtennis und Tischfu\u00dfball &#8230; f\u00fcr fr\u00f6hliche Tage und Abende!Die Animateure stehen jeden Tag au\u00dfer Samstag (Empfangstag) Ihren Kindern zur Verf\u00fcgung.Um den Urlaub mit Spa\u00df und Freude beginnen und neue Freunde kennen zu lernen, laden wir am Samstagabend alle Kinder auf die Tanzfl\u00e4che der Kinderdisco ein![\/vc_column_text][\/vc_column][vc_column width=&#8220;1\/2&#8243; css=&#8220;.vc_custom_1650621113051{background-image: url(https:\/\/www.campingcasadicaccia.com\/wp-content\/uploads\/2022\/04\/IMG_6469.jpg?id=15367) !important;background-position: center !important;background-repeat: no-repeat !important;background-size: cover !important;}&#8220;][vc_empty_space height=&#8220;300px&#8220;][\/vc_column][\/vc_row][vc_row equal_height=&#8220;yes&#8220; content_placement=&#8220;middle&#8220; css=&#8220;.vc_custom_1616506606271{margin-top: 0px !important;padding-top: 0px !important;}&#8220;][vc_column width=&#8220;1\/2&#8243; css=&#8220;.vc_custom_1650621141320{background-image: url(https:\/\/www.campingcasadicaccia.com\/wp-content\/uploads\/2022\/04\/IMG_6467.jpg?id=15370) !important;background-position: center !important;background-repeat: no-repeat !important;background-size: cover !important;}&#8220;][vc_empty_space height=&#8220;300px&#8220;][\/vc_column][vc_column width=&#8220;1\/2&#8243;][vc_column_text css=&#8220;.vc_custom_1616506616010{padding-top: 40px !important;padding-right: 5% !important;padding-bottom: 40px !important;padding-left: 5% !important;}&#8220;]<br \/>\nUm den Urlaub in Freude zu beginnen und am Samstagabend alle Kinder auf der Strecke mit dem Baby Dance neue Freunde zu treffen!<\/p>\n<p>&nbsp;<\/p>\n<p>Baby Club: Spiele und Aktivit\u00e4ten f\u00fcr Kinder von 4 bis 10 Jahren<br \/>\nJunior Club: Spiele und Aktivit\u00e4ten f\u00fcr Kinder von 11 bis 15 Jahren<br \/>\nErwachsene: Spiele und Aktivit\u00e4ten f\u00fcr alle<\/p>\n<p>&nbsp;<\/p>\n<p>Karten- und Sportturniere, Wassergymnastik, Babytanz, Kabarettabende, Pappmach\u00e9-Workshops, Schatzsuche, Bingo, Puppenkreation, Themenabende in unserem Restaurant und gro\u00dfe Sportveranstaltungen zusammen vor der gro\u00dfen Leinwand &#8230; wenn Sie Lust haben Wenn Sie Spa\u00df haben m\u00f6chten, bietet Ihnen das Camping Casa di Caccia einen unvergesslichen Urlaub!<br \/>\nUnsere Animateure sind jeden Tag au\u00dfer Samstag bei Ihnen (ein Tag, an dem G\u00e4ste mit einem abendlichen Baby-Tanz begr\u00fc\u00dft werden, um den Urlaub in Freude zu beginnen und neue Freunde zu finden!).[\/vc_column_text][\/vc_column][\/vc_row][vc_row css=&#8220;.vc_custom_1616506783885{padding-top: 50px !important;padding-bottom: 50px !important;}&#8220;][vc_column] <h3 style=\"color:; padding:30px; text-align:center; font-size:px; line-height:px; letter-spacing: px; font-weight:lighter;\" class=\"   nd_options_first_font \">- PARCO GIOCHI -<\/h3> [vc_column_text]<\/p>\n<p style=\"text-align: center;\">Zwischen Rutschen, H\u00e4usern und Schaukeln empf\u00e4ngt ein wundersch\u00f6ner, umz\u00e4unter Spielplatz Ihre Kinder zu Spielmomenten in vollkommener Sicherheit.<br \/>\nIm Schatten eines neuen Mietshauses k\u00f6nnen unsere kleinen G\u00e4ste Spa\u00df haben und an einer der vielen Aktivit\u00e4ten teilnehmen, die f\u00fcr sie entworfen wurden.<br \/>\nOb allein, mit Freunden oder von unseren Animateuren unterhalten, werden Ihre Kinder viele gl\u00fcckliche Momente des Vergn\u00fcgens verbringen!<br \/>\n&#8230; und f\u00fcr die \u00e4lteren Kinder Tischtennis, Tischfu\u00dfball und ein Animationsprogramm alles f\u00fcr sie!<\/p>\n<p>[\/vc_column_text][\/vc_column][\/vc_row]<\/p>\n","protected":false},"excerpt":{"rendered":"<p>[vc_row full_width=&#8220;stretch_row&#8220; css=&#8220;.vc_custom_1650621078601{margin-top: 0px !important;padding-top: 200px !important;padding-bottom: 200px !important;background-image: url(https:\/\/www.campingcasadicaccia.com\/wp-content\/uploads\/2022\/04\/PQDK0549-copia.jpg?id=15363) !important;background-position: center !important;background-repeat: no-repeat !important;background-size: cover !important;}&#8220; el_class=&#8220;nd_options_vc_parallax_filter_2_5&#8243;][vc_column width=&#8220;1\/6&#8243;][\/vc_column][vc_column width=&#8220;2\/3&#8243; el_class=&#8220;nd_options_text_align_center&#8220;][\/vc_column][vc_column width=&#8220;1\/6&#8243;][\/vc_column][\/vc_row][vc_row full_width=&#8220;stretch_row&#8220; equal_height=&#8220;yes&#8220; content_placement=&#8220;middle&#8220; css=&#8220;.vc_custom_1616506777784{margin-bottom: 0px !important;padding-top: 50px !important;padding-bottom: 0px !important;}&#8220;][vc_column width=&#8220;1\/2&#8243;][vc_column_text css=&#8220;.vc_custom_1616506735441{padding-top: 40px !important;padding-bottom: 40px !important;}&#8220;]Im Schatten der Pinienb\u00e4ume, direkt an unserem sch\u00f6nen Privatstrand, auf dem Spielplatz, von unseren Animateuren unterhalten, mit individuellen [&hellip;]<\/p>\n","protected":false},"author":1,"featured_media":0,"parent":0,"menu_order":0,"comment_status":"closed","ping_status":"closed","template":"","meta":{"_joinchat":[],"footnotes":""},"class_list":["post-3888","page","type-page","status-publish","hentry"],"yoast_head":"<!-- This site is optimized with the Yoast SEO plugin v27.5 - https:\/\/yoast.com\/product\/yoast-seo-wordpress\/ -->\n<title>Camping mit Miniclub und Unterhaltung f\u00fcr Kinder ab 4 Jahren<\/title>\n<meta name=\"description\" content=\"Camping mit Miniclub und Unterhaltung f\u00fcr Kinder ab 4 Jahren, Miniclub, Junior Club, Spiele, Unterhaltung und Spielplatz\" \/>\n<meta name=\"robots\" content=\"index, follow, max-snippet:-1, max-image-preview:large, max-video-preview:-1\" \/>\n<link rel=\"canonical\" href=\"https:\/\/www.campingcasadicaccia.com\/de\/kinderoase\/\" \/>\n<meta property=\"og:locale\" content=\"de_DE\" \/>\n<meta property=\"og:type\" content=\"article\" \/>\n<meta property=\"og:title\" content=\"Camping mit Miniclub und Unterhaltung f\u00fcr Kinder ab 4 Jahren\" \/>\n<meta property=\"og:description\" content=\"Camping mit Miniclub und Unterhaltung f\u00fcr Kinder ab 4 Jahren, Miniclub, Junior Club, Spiele, Unterhaltung und Spielplatz\" \/>\n<meta property=\"og:url\" content=\"https:\/\/www.campingcasadicaccia.com\/de\/kinderoase\/\" \/>\n<meta property=\"og:site_name\" content=\"Camping Village Casa di Caccia\" \/>\n<meta property=\"article:publisher\" content=\"https:\/\/www.facebook.com\/campingcasadicaccia\/\" \/>\n<meta property=\"article:modified_time\" content=\"2022-04-22T09:52:54+00:00\" \/>\n<meta name=\"twitter:card\" content=\"summary_large_image\" \/>\n<meta name=\"twitter:site\" content=\"@campingbibbona\" \/>\n<meta name=\"twitter:label1\" content=\"Gesch\u00e4tzte Lesezeit\" \/>\n\t<meta name=\"twitter:data1\" content=\"2\u00a0Minuten\" \/>\n<script type=\"application\/ld+json\" class=\"yoast-schema-graph\">{\"@context\":\"https:\\\/\\\/schema.org\",\"@graph\":[{\"@type\":\"WebPage\",\"@id\":\"https:\\\/\\\/www.campingcasadicaccia.com\\\/de\\\/kinderoase\\\/\",\"url\":\"https:\\\/\\\/www.campingcasadicaccia.com\\\/de\\\/kinderoase\\\/\",\"name\":\"Camping mit Miniclub und Unterhaltung f\u00fcr Kinder ab 4 Jahren\",\"isPartOf\":{\"@id\":\"https:\\\/\\\/www.campingcasadicaccia.com\\\/de\\\/#website\"},\"datePublished\":\"2021-04-15T13:56:09+00:00\",\"dateModified\":\"2022-04-22T09:52:54+00:00\",\"description\":\"Camping mit Miniclub und Unterhaltung f\u00fcr Kinder ab 4 Jahren, Miniclub, Junior Club, Spiele, Unterhaltung und Spielplatz\",\"breadcrumb\":{\"@id\":\"https:\\\/\\\/www.campingcasadicaccia.com\\\/de\\\/kinderoase\\\/#breadcrumb\"},\"inLanguage\":\"de\",\"potentialAction\":[{\"@type\":\"ReadAction\",\"target\":[\"https:\\\/\\\/www.campingcasadicaccia.com\\\/de\\\/kinderoase\\\/\"]}]},{\"@type\":\"BreadcrumbList\",\"@id\":\"https:\\\/\\\/www.campingcasadicaccia.com\\\/de\\\/kinderoase\\\/#breadcrumb\",\"itemListElement\":[{\"@type\":\"ListItem\",\"position\":1,\"name\":\"Home\",\"item\":\"https:\\\/\\\/www.campingcasadicaccia.com\\\/de\\\/\"},{\"@type\":\"ListItem\",\"position\":2,\"name\":\"Kinderoase\"}]},{\"@type\":\"WebSite\",\"@id\":\"https:\\\/\\\/www.campingcasadicaccia.com\\\/de\\\/#website\",\"url\":\"https:\\\/\\\/www.campingcasadicaccia.com\\\/de\\\/\",\"name\":\"Camping Village Casa di Caccia - Bibbona Mare Toscana\",\"description\":\"Campeggio a Marina di Bibbona Mare Toscana\",\"publisher\":{\"@id\":\"https:\\\/\\\/www.campingcasadicaccia.com\\\/de\\\/#organization\"},\"potentialAction\":[{\"@type\":\"SearchAction\",\"target\":{\"@type\":\"EntryPoint\",\"urlTemplate\":\"https:\\\/\\\/www.campingcasadicaccia.com\\\/de\\\/?s={search_term_string}\"},\"query-input\":{\"@type\":\"PropertyValueSpecification\",\"valueRequired\":true,\"valueName\":\"search_term_string\"}}],\"inLanguage\":\"de\"},{\"@type\":\"Organization\",\"@id\":\"https:\\\/\\\/www.campingcasadicaccia.com\\\/de\\\/#organization\",\"name\":\"Camping Village Casa di Caccia\",\"url\":\"https:\\\/\\\/www.campingcasadicaccia.com\\\/de\\\/\",\"logo\":{\"@type\":\"ImageObject\",\"inLanguage\":\"de\",\"@id\":\"https:\\\/\\\/www.campingcasadicaccia.com\\\/de\\\/#\\\/schema\\\/logo\\\/image\\\/\",\"url\":\"http:\\\/\\\/www.campingcasadicaccia.com\\\/wp-content\\\/uploads\\\/2021\\\/03\\\/cropped-29513181_1879193082099464_260548762173177856_o-e1616497041420.jpg\",\"contentUrl\":\"http:\\\/\\\/www.campingcasadicaccia.com\\\/wp-content\\\/uploads\\\/2021\\\/03\\\/cropped-29513181_1879193082099464_260548762173177856_o-e1616497041420.jpg\",\"width\":512,\"height\":512,\"caption\":\"Camping Village Casa di Caccia\"},\"image\":{\"@id\":\"https:\\\/\\\/www.campingcasadicaccia.com\\\/de\\\/#\\\/schema\\\/logo\\\/image\\\/\"},\"sameAs\":[\"https:\\\/\\\/www.facebook.com\\\/campingcasadicaccia\\\/\",\"https:\\\/\\\/x.com\\\/campingbibbona\",\"https:\\\/\\\/www.instagram.com\\\/casadicaccia\\\/\",\"https:\\\/\\\/www.youtube.com\\\/channel\\\/UCRufyYve3szryZbwV8JNCog\"]}]}<\/script>\n<!-- \/ Yoast SEO plugin. -->","yoast_head_json":{"title":"Camping mit Miniclub und Unterhaltung f\u00fcr Kinder ab 4 Jahren","description":"Camping mit Miniclub und Unterhaltung f\u00fcr Kinder ab 4 Jahren, Miniclub, Junior Club, Spiele, Unterhaltung und Spielplatz","robots":{"index":"index","follow":"follow","max-snippet":"max-snippet:-1","max-image-preview":"max-image-preview:large","max-video-preview":"max-video-preview:-1"},"canonical":"https:\/\/www.campingcasadicaccia.com\/de\/kinderoase\/","og_locale":"de_DE","og_type":"article","og_title":"Camping mit Miniclub und Unterhaltung f\u00fcr Kinder ab 4 Jahren","og_description":"Camping mit Miniclub und Unterhaltung f\u00fcr Kinder ab 4 Jahren, Miniclub, Junior Club, Spiele, Unterhaltung und Spielplatz","og_url":"https:\/\/www.campingcasadicaccia.com\/de\/kinderoase\/","og_site_name":"Camping Village Casa di Caccia","article_publisher":"https:\/\/www.facebook.com\/campingcasadicaccia\/","article_modified_time":"2022-04-22T09:52:54+00:00","twitter_card":"summary_large_image","twitter_site":"@campingbibbona","twitter_misc":{"Gesch\u00e4tzte Lesezeit":"2\u00a0Minuten"},"schema":{"@context":"https:\/\/schema.org","@graph":[{"@type":"WebPage","@id":"https:\/\/www.campingcasadicaccia.com\/de\/kinderoase\/","url":"https:\/\/www.campingcasadicaccia.com\/de\/kinderoase\/","name":"Camping mit Miniclub und Unterhaltung f\u00fcr Kinder ab 4 Jahren","isPartOf":{"@id":"https:\/\/www.campingcasadicaccia.com\/de\/#website"},"datePublished":"2021-04-15T13:56:09+00:00","dateModified":"2022-04-22T09:52:54+00:00","description":"Camping mit Miniclub und Unterhaltung f\u00fcr Kinder ab 4 Jahren, Miniclub, Junior Club, Spiele, Unterhaltung und Spielplatz","breadcrumb":{"@id":"https:\/\/www.campingcasadicaccia.com\/de\/kinderoase\/#breadcrumb"},"inLanguage":"de","potentialAction":[{"@type":"ReadAction","target":["https:\/\/www.campingcasadicaccia.com\/de\/kinderoase\/"]}]},{"@type":"BreadcrumbList","@id":"https:\/\/www.campingcasadicaccia.com\/de\/kinderoase\/#breadcrumb","itemListElement":[{"@type":"ListItem","position":1,"name":"Home","item":"https:\/\/www.campingcasadicaccia.com\/de\/"},{"@type":"ListItem","position":2,"name":"Kinderoase"}]},{"@type":"WebSite","@id":"https:\/\/www.campingcasadicaccia.com\/de\/#website","url":"https:\/\/www.campingcasadicaccia.com\/de\/","name":"Camping Village Casa di Caccia - Bibbona Mare Toscana","description":"Campeggio a Marina di Bibbona Mare Toscana","publisher":{"@id":"https:\/\/www.campingcasadicaccia.com\/de\/#organization"},"potentialAction":[{"@type":"SearchAction","target":{"@type":"EntryPoint","urlTemplate":"https:\/\/www.campingcasadicaccia.com\/de\/?s={search_term_string}"},"query-input":{"@type":"PropertyValueSpecification","valueRequired":true,"valueName":"search_term_string"}}],"inLanguage":"de"},{"@type":"Organization","@id":"https:\/\/www.campingcasadicaccia.com\/de\/#organization","name":"Camping Village Casa di Caccia","url":"https:\/\/www.campingcasadicaccia.com\/de\/","logo":{"@type":"ImageObject","inLanguage":"de","@id":"https:\/\/www.campingcasadicaccia.com\/de\/#\/schema\/logo\/image\/","url":"http:\/\/www.campingcasadicaccia.com\/wp-content\/uploads\/2021\/03\/cropped-29513181_1879193082099464_260548762173177856_o-e1616497041420.jpg","contentUrl":"http:\/\/www.campingcasadicaccia.com\/wp-content\/uploads\/2021\/03\/cropped-29513181_1879193082099464_260548762173177856_o-e1616497041420.jpg","width":512,"height":512,"caption":"Camping Village Casa di Caccia"},"image":{"@id":"https:\/\/www.campingcasadicaccia.com\/de\/#\/schema\/logo\/image\/"},"sameAs":["https:\/\/www.facebook.com\/campingcasadicaccia\/","https:\/\/x.com\/campingbibbona","https:\/\/www.instagram.com\/casadicaccia\/","https:\/\/www.youtube.com\/channel\/UCRufyYve3szryZbwV8JNCog"]}]}},"publishpress_future_action":{"enabled":false,"date":"2026-05-09 16:24:46","action":"change-status","newStatus":"draft","terms":[],"taxonomy":"translation_priority"},"_links":{"self":[{"href":"https:\/\/www.campingcasadicaccia.com\/de\/wp-json\/wp\/v2\/pages\/3888","targetHints":{"allow":["GET"]}}],"collection":[{"href":"https:\/\/www.campingcasadicaccia.com\/de\/wp-json\/wp\/v2\/pages"}],"about":[{"href":"https:\/\/www.campingcasadicaccia.com\/de\/wp-json\/wp\/v2\/types\/page"}],"author":[{"embeddable":true,"href":"https:\/\/www.campingcasadicaccia.com\/de\/wp-json\/wp\/v2\/users\/1"}],"replies":[{"embeddable":true,"href":"https:\/\/www.campingcasadicaccia.com\/de\/wp-json\/wp\/v2\/comments?post=3888"}],"version-history":[{"count":1,"href":"https:\/\/www.campingcasadicaccia.com\/de\/wp-json\/wp\/v2\/pages\/3888\/revisions"}],"predecessor-version":[{"id":48815,"href":"https:\/\/www.campingcasadicaccia.com\/de\/wp-json\/wp\/v2\/pages\/3888\/revisions\/48815"}],"wp:attachment":[{"href":"https:\/\/www.campingcasadicaccia.com\/de\/wp-json\/wp\/v2\/media?parent=3888"}],"curies":[{"name":"wp","href":"https:\/\/api.w.org\/{rel}","templated":true}]}}