{"id":3647,"date":"2021-04-15T12:07:10","date_gmt":"2021-04-15T10:07:10","guid":{"rendered":"http:\/\/www.campingcasadicaccia.com\/strand-2\/"},"modified":"2026-01-26T11:26:20","modified_gmt":"2026-01-26T10:26:20","slug":"strand","status":"publish","type":"page","link":"https:\/\/www.campingcasadicaccia.com\/de\/strand\/","title":{"rendered":"Strand"},"content":{"rendered":"<p>[vc_row full_width=&#8220;stretch_row&#8220; css=&#8220;.vc_custom_1616584236124{margin-top: 0px !important;padding-top: 200px !important;padding-bottom: 200px !important;background-image: url(http:\/\/www.campingcasadicaccia.com\/wp-content\/uploads\/2021\/03\/spiaggia-scaled.jpg?id=2953) !important;background-position: center !important;background-repeat: no-repeat !important;background-size: cover !important;}&#8220; el_class=&#8220;nd_options_vc_parallax_filter_2_5&#8243;][vc_column width=&#8220;1\/6&#8243;][\/vc_column][vc_column width=&#8220;2\/3&#8243; el_class=&#8220;nd_options_text_align_center&#8220;] <h1 style=\"color:#ffffff; padding:px; text-align:center; font-size:50px; line-height:px; letter-spacing: 2px; font-weight:lighter;\" class=\"  nd_options_font_size_40_important_all_iphone nd_options_first_font \">Strand<\/h1> <div style=\"background-color:; height: 30px;\" class=\"nicdark_section  \"><\/div> <h1 style=\"color:#ffffff; padding:px; text-align:center; font-size:20px; line-height:30px; letter-spacing: px; font-weight:lighter;\" class=\"  nd_options_text_align_center_responsive_important nd_options_first_font \">Der Luxus eines privaten Strandes, mit Blick auf die wundersch\u00f6ne K\u00fcste der Toskana ist das Flaggschiff des Camping Casa di Caccia<\/h1> [\/vc_column][vc_column width=&#8220;1\/6&#8243;][\/vc_column][\/vc_row][vc_row css=&#8220;.vc_custom_1616505759492{padding-top: 50px !important;}&#8220;][vc_column css=&#8220;.vc_custom_1467360650255{margin-top: 10px !important;margin-bottom: 10px !important;padding-top: 0px !important;padding-right: 40px !important;}&#8220;][vc_column_text css=&#8220;.vc_custom_1619506097931{padding-right: 10% !important;padding-left: 10% !important;}&#8220;]<\/p>\n<p style=\"text-align: center;\">Vom kristallklaren Wasser umsp\u00fclt ist unser Strand seit Jahren mit dem G\u00fctesiegel, der renommierten \u201e<strong>Blauen Flagge<\/strong>\u201c ausgezeichnet. Er ist zum Teil frei und zum Teil\u00a0 mit Liegen und Schirmen ausgestattet, aber immer unter Aufsicht unserer Bademeister und daher v\u00f6llig ungef\u00e4hrlich f\u00fcr Kinder und Erwachsene.<\/p>\n<p style=\"text-align: center;\">Direkt am Strand finden Sie ein\u00a0<strong>neues Caf\u00e9<\/strong>\u00a0mit einem kalten Buffet f\u00fcr Ihre Mittagspause und eine kleine\u00a0<strong>Krankenstation<\/strong>, die immer ge\u00f6ffnet ist.<\/p>\n<p style=\"text-align: center;\">Sonnenschirme, Liegest\u00fchle, Sonnenliegen und Tretboote k\u00f6nnen direkt am Strand gemietet werden<\/p>\n<p>[\/vc_column_text][\/vc_column][\/vc_row][vc_row css=&#8220;.vc_custom_1492510780167{margin-top: 30px !important;}&#8220;][vc_column]<div style=\"background-color:; height: 10px;\" class=\"nicdark_section  \"><\/div><div style=\"background-color:; height: 10px;\" class=\"nicdark_section  \"><\/div>[vc_video link=&#8220;https:\/\/youtu.be\/ybiaL06nhmA&#8220; align=&#8220;center&#8220;]<div style=\"background-color:; height: 10px;\" class=\"nicdark_section  \"><\/div><div style=\"background-color:; height: 10px;\" class=\"nicdark_section  \"><\/div>[vc_media_grid grid_id=&#8220;vc_gid:1769423114535-62083dba-99ee-1&#8243; include=&#8220;2958,2961,2964,19428,19422,19413&#8243;][\/vc_column][\/vc_row][vc_row][vc_column]<div style=\"background-color:; height: 10px;\" class=\"nicdark_section  \"><\/div>[vc_raw_html]JTNDZGl2JTIwY2xhc3MlM0QlMjJzYi1saXN0aW5vLXdyYXAlMjIlM0UlMEElMjAlMjAlM0NzdHlsZSUzRSUwQSUyMCUyMCUyMCUyMC5zYi1saXN0aW5vLXdyYXAlN0IlMEElMjAlMjAlMjAlMjAlMjAlMjB3aWR0aCUzQTEwMCUyNSUzQiUwQSUyMCUyMCUyMCUyMCUyMCUyMG92ZXJmbG93LXglM0FhdXRvJTNCJTBBJTIwJTIwJTIwJTIwJTIwJTIwLXdlYmtpdC1vdmVyZmxvdy1zY3JvbGxpbmclM0F0b3VjaCUzQiUwQSUyMCUyMCUyMCUyMCU3RCUwQSUyMCUyMCUyMCUyMC5zYi1saXN0aW5vJTdCJTBBJTIwJTIwJTIwJTIwJTIwJTIwd2lkdGglM0ExMDAlMjUlM0IlMEElMjAlMjAlMjAlMjAlMjAlMjBtaW4td2lkdGglM0E3NjBweCUzQiUwQSUyMCUyMCUyMCUyMCUyMCUyMGJvcmRlci1jb2xsYXBzZSUzQXNlcGFyYXRlJTNCJTBBJTIwJTIwJTIwJTIwJTIwJTIwYm9yZGVyLXNwYWNpbmclM0EwJTNCJTBBJTIwJTIwJTIwJTIwJTIwJTIwZm9udC1mYW1pbHklM0FzeXN0ZW0tdWklMkMtYXBwbGUtc3lzdGVtJTJDU2Vnb2UlMjBVSSUyQ1JvYm90byUyQ0FyaWFsJTJDc2Fucy1zZXJpZiUzQiUwQSUyMCUyMCUyMCUyMCUyMCUyMGZvbnQtc2l6ZSUzQTE1cHglM0IlMEElMjAlMjAlMjAlMjAlMjAlMjBjb2xvciUzQSUyMzBmMTcyYSUzQiUwQSUyMCUyMCUyMCUyMCUyMCUyMGJhY2tncm91bmQlM0ElMjNmZmYlM0IlMEElMjAlMjAlMjAlMjAlMjAlMjBib3JkZXIlM0ExcHglMjBzb2xpZCUyMCUyM2UyZThmMCUzQiUwQSUyMCUyMCUyMCUyMCUyMCUyMGJvcmRlci1yYWRpdXMlM0ExNHB4JTNCJTBBJTIwJTIwJTIwJTIwJTIwJTIwYm94LXNoYWRvdyUzQTAlMjAxMHB4JTIwMjRweCUyMHJnYmElMjgyJTJDNiUyQzIzJTJDLjA2JTI5JTNCJTBBJTIwJTIwJTIwJTIwJTIwJTIwb3ZlcmZsb3clM0FoaWRkZW4lM0IlMEElMjAlMjAlMjAlMjAlN0QlMEElMjAlMjAlMjAlMjAuc2ItbGlzdGlubyUyMGNhcHRpb24lN0IlMEElMjAlMjAlMjAlMjAlMjAlMjBjYXB0aW9uLXNpZGUlM0F0b3AlM0IlMEElMjAlMjAlMjAlMjAlMjAlMjB0ZXh0LWFsaWduJTNBbGVmdCUzQiUwQSUyMCUyMCUyMCUyMCUyMCUyMHBhZGRpbmclM0ExNHB4JTIwMTZweCUzQiUwQSUyMCUyMCUyMCUyMCUyMCUyMGZvbnQtd2VpZ2h0JTNBNzAwJTNCJTBBJTIwJTIwJTIwJTIwJTIwJTIwZm9udC1zaXplJTNBMTZweCUzQiUwQSUyMCUyMCUyMCUyMCUyMCUyMGNvbG9yJTNBJTIzMGIxMjIwJTNCJTBBJTIwJTIwJTIwJTIwJTdEJTBBJTIwJTIwJTIwJTIwLnNiLWxpc3Rpbm8lMjB0aGVhZCUyMHRoJTdCJTBBJTIwJTIwJTIwJTIwJTIwJTIwYmFja2dyb3VuZCUzQWxpbmVhci1ncmFkaWVudCUyODE4MGRlZyUyQyUyMzBmMTcyYSUyMDAlMjUlMkMlMjMxMTFjMzMlMjAxMDAlMjUlMjklM0IlMEElMjAlMjAlMjAlMjAlMjAlMjBjb2xvciUzQSUyM2ZmZiUzQiUwQSUyMCUyMCUyMCUyMCUyMCUyMHBhZGRpbmclM0ExMnB4JTIwMTJweCUzQiUwQSUyMCUyMCUyMCUyMCUyMCUyMGJvcmRlci1ib3R0b20lM0ExcHglMjBzb2xpZCUyMHJnYmElMjgyNTUlMkMyNTUlMkMyNTUlMkMuMTIlMjklM0IlMEElMjAlMjAlMjAlMjAlMjAlMjB0ZXh0LWFsaWduJTNBY2VudGVyJTNCJTBBJTIwJTIwJTIwJTIwJTIwJTIwZm9udC13ZWlnaHQlM0E3MDAlM0IlMEElMjAlMjAlMjAlMjAlMjAlMjB3aGl0ZS1zcGFjZSUzQW5vd3JhcCUzQiUwQSUyMCUyMCUyMCUyMCU3RCUwQSUyMCUyMCUyMCUyMC5zYi1saXN0aW5vJTIwdGhlYWQlMjB0aCUzQWZpcnN0LWNoaWxkJTdCJTIwdGV4dC1hbGlnbiUzQWxlZnQlM0IlMjBib3JkZXItdG9wLWxlZnQtcmFkaXVzJTNBMTRweCUzQiUyMCU3RCUwQSUyMCUyMCUyMCUyMC5zYi1saXN0aW5vJTIwdGhlYWQlMjB0aCUzQWxhc3QtY2hpbGQlN0IlMjBib3JkZXItdG9wLXJpZ2h0LXJhZGl1cyUzQTE0cHglM0IlMjAlN0QlMEElMEElMjAlMjAlMjAlMjAuc2ItbGlzdGlubyUyMHRib2R5JTIwdGQlMkMlMEElMjAlMjAlMjAlMjAuc2ItbGlzdGlubyUyMHRib2R5JTIwdGglN0IlMEElMjAlMjAlMjAlMjAlMjAlMjBwYWRkaW5nJTNBMTJweCUyMDEycHglM0IlMEElMjAlMjAlMjAlMjAlMjAlMjBib3JkZXItYm90dG9tJTNBMXB4JTIwc29saWQlMjAlMjNlMmU4ZjAlM0IlMEElMjAlMjAlMjAlMjAlMjAlMjB2ZXJ0aWNhbC1hbGlnbiUzQXRvcCUzQiUwQSUyMCUyMCUyMCUyMCUyMCUyMGJhY2tncm91bmQlM0ElMjNmZmYlM0IlMEElMjAlMjAlMjAlMjAlN0QlMEElMjAlMjAlMjAlMjAuc2ItbGlzdGlubyUyMHRib2R5JTIwdHIlM0FudGgtY2hpbGQlMjhldmVuJTI5JTIwdGQlMkMlMEElMjAlMjAlMjAlMjAuc2ItbGlzdGlubyUyMHRib2R5JTIwdHIlM0FudGgtY2hpbGQlMjhldmVuJTI5JTIwdGglN0IlMEElMjAlMjAlMjAlMjAlMjAlMjBiYWNrZ3JvdW5kJTNBJTIzZjhmYWZjJTNCJTBBJTIwJTIwJTIwJTIwJTdEJTBBJTIwJTIwJTIwJTIwLnNiLWxpc3Rpbm8lMjB0Ym9keSUyMHRoJTdCJTBBJTIwJTIwJTIwJTIwJTIwJTIwdGV4dC1hbGlnbiUzQWxlZnQlM0IlMEElMjAlMjAlMjAlMjAlMjAlMjBmb250LXdlaWdodCUzQTYwMCUzQiUwQSUyMCUyMCUyMCUyMCUyMCUyMHdpZHRoJTNBNDQlMjUlM0IlMEElMjAlMjAlMjAlMjAlN0QlMEElMjAlMjAlMjAlMjAuc2ItbGlzdGlubyUyMC5zYi1udW0lN0IlMEElMjAlMjAlMjAlMjAlMjAlMjB0ZXh0LWFsaWduJTNBcmlnaHQlM0IlMEElMjAlMjAlMjAlMjAlMjAlMjBmb250LXZhcmlhbnQtbnVtZXJpYyUzQXRhYnVsYXItbnVtcyUzQiUwQSUyMCUyMCUyMCUyMCUyMCUyMHdoaXRlLXNwYWNlJTNBbm93cmFwJTNCJTBBJTIwJTIwJTIwJTIwJTdEJTBBJTIwJTIwJTIwJTIwLnNiLWxpc3Rpbm8lMjB0Ym9keSUyMHRyJTNBbGFzdC1jaGlsZCUyMHRkJTJDJTBBJTIwJTIwJTIwJTIwLnNiLWxpc3Rpbm8lMjB0Ym9keSUyMHRyJTNBbGFzdC1jaGlsZCUyMHRoJTdCJTBBJTIwJTIwJTIwJTIwJTIwJTIwYm9yZGVyLWJvdHRvbSUzQTAlM0IlMEElMjAlMjAlMjAlMjAlN0QlMEElMjAlMjAlMjAlMjAuc2ItYmFkZ2UlN0IlMEElMjAlMjAlMjAlMjAlMjAlMjBkaXNwbGF5JTNBaW5saW5lLWJsb2NrJTNCJTBBJTIwJTIwJTIwJTIwJTIwJTIwbWFyZ2luLXRvcCUzQTZweCUzQiUwQSUyMCUyMCUyMCUyMCUyMCUyMHBhZGRpbmclM0E0cHglMjAxMHB4JTNCJTBBJTIwJTIwJTIwJTIwJTIwJTIwZm9udC1zaXplJTNBMTJweCUzQiUwQSUyMCUyMCUyMCUyMCUyMCUyMGJvcmRlci1yYWRpdXMlM0E5OTlweCUzQiUwQSUyMCUyMCUyMCUyMCUyMCUyMGJhY2tncm91bmQlM0ElMjNlMmU4ZjAlM0IlMEElMjAlMjAlMjAlMjAlMjAlMjBjb2xvciUzQSUyMzBmMTcyYSUzQiUwQSUyMCUyMCUyMCUyMCUyMCUyMGZvbnQtd2VpZ2h0JTNBNzAwJTNCJTBBJTIwJTIwJTIwJTIwJTdEJTBBJTBBJTIwJTIwJTIwJTIwJTJGJTJBJTIwbWlnbGlvcmElMjBzdSUyMHNjaGVybWklMjBwaWNjb2xpJTIwJTJBJTJGJTBBJTIwJTIwJTIwJTIwJTQwbWVkaWElMjAlMjhtYXgtd2lkdGglM0ElMjA4NDBweCUyOSU3QiUwQSUyMCUyMCUyMCUyMCUyMCUyMC5zYi1saXN0aW5vJTdCJTIwbWluLXdpZHRoJTNBNjgwcHglM0IlMjAlN0QlMEElMjAlMjAlMjAlMjAlMjAlMjAuc2ItbGlzdGlubyUyMGNhcHRpb24lN0IlMjBmb250LXNpemUlM0ExNXB4JTNCJTIwJTdEJTBBJTIwJTIwJTIwJTIwJTdEJTBBJTIwJTIwJTNDJTJGc3R5bGUlM0UlMEElMEElMjAlMjAlM0N0YWJsZSUyMGNsYXNzJTNEJTIyc2ItbGlzdGlubyUyMiUyMGFyaWEtbGFiZWwlM0QlMjJQcmVpc2xpc3RlJTIyJTNFJTBBJTIwJTIwJTIwJTIwJTNDY2FwdGlvbiUzRVByZWlzbGlzdGUlM0MlMkZjYXB0aW9uJTNFJTBBJTIwJTIwJTIwJTIwJTNDdGhlYWQlM0UlMEElMjAlMjAlMjAlMjAlMjAlMjAlM0N0ciUzRSUwQSUyMCUyMCUyMCUyMCUyMCUyMCUyMCUyMCUzQ3RoJTIwc2NvcGUlM0QlMjJjb2wlMjIlM0VTZXJ2aWNlJTNDJTJGdGglM0UlMEElMjAlMjAlMjAlMjAlMjAlMjAlMjAlMjAlM0N0aCUyMHNjb3BlJTNEJTIyY29sJTIyJTNFQXByaWwlM0NiciUzRSUyME1haSUyRk9rdG9iZXIlM0MlMkZ0aCUzRSUwQSUyMCUyMCUyMCUyMCUyMCUyMCUyMCUyMCUzQ3RoJTIwc2NvcGUlM0QlMjJjb2wlMjIlM0VKdW5pJTNDYnIlM0UlMjBTZXB0ZW1iZXIlM0MlMkZ0aCUzRSUwQSUyMCUyMCUyMCUyMCUyMCUyMCUyMCUyMCUzQ3RoJTIwc2NvcGUlM0QlMjJjb2wlMjIlM0VKdWx5JTNDJTJGdGglM0UlMEElMjAlMjAlMjAlMjAlMjAlMjAlMjAlMjAlM0N0aCUyMHNjb3BlJTNEJTIyY29sJTIyJTNFQXVndXN0JTNDJTJGdGglM0UlMEElMjAlMjAlMjAlMjAlMjAlMjAlM0MlMkZ0ciUzRSUwQSUyMCUyMCUyMCUyMCUzQyUyRnRoZWFkJTNFJTBBJTIwJTIwJTIwJTIwJTNDdGJvZHklM0UlMEElMjAlMjAlMjAlMjAlMjAlMjAlM0N0ciUzRSUwQSUyMCUyMCUyMCUyMCUyMCUyMCUyMCUyMCUzQ3RoJTIwc2NvcGUlM0QlMjJyb3clMjIlM0UlMEElMjAlMjAlMjAlMjAlMjAlMjAlMjAlMjAlMjAlMjAxJTIwU29ubmVuc2NoaXJtJTIwdW5kJTIwMiUyMExpZWdlc3R1aGwlMjBhdXMlMjBkZXIlMjAzLiUyMFJlaWhlJTIwJTNDc3BhbiUyMGNsYXNzJTNEJTIyc2ItYmFkZ2UlMjIlM0VUJUMzJUE0Z2xpY2glM0MlMkZzcGFuJTNFJTBBJTIwJTIwJTIwJTIwJTIwJTIwJTIwJTIwJTNDJTJGdGglM0UlMEElMjAlMjAlMjAlMjAlMjAlMjAlMjAlMjAlM0N0ZCUyMGNsYXNzJTNEJTIyc2ItbnVtJTIyJTNFJUUyJTgyJUFDJTIwMTglMkMwMCUzQyUyRnRkJTNFJTBBJTIwJTIwJTIwJTIwJTIwJTIwJTIwJTIwJTNDdGQlMjBjbGFzcyUzRCUyMnNiLW51bSUyMiUzRSVFMiU4MiVBQyUyMDI1JTJDMDAlM0MlMkZ0ZCUzRSUwQSUyMCUyMCUyMCUyMCUyMCUyMCUyMCUyMCUzQ3RkJTIwY2xhc3MlM0QlMjJzYi1udW0lMjIlM0UlRTIlODIlQUMlMjAyOCUyQzAwJTNDJTJGdGQlM0UlMEElMjAlMjAlMjAlMjAlMjAlMjAlMjAlMjAlM0N0ZCUyMGNsYXNzJTNEJTIyc2ItbnVtJTIyJTNFJUUyJTgyJUFDJTIwMzElMkMwMCUzQyUyRnRkJTNFJTBBJTIwJTIwJTIwJTIwJTIwJTIwJTNDJTJGdHIlM0UlMEElMjAlMjAlMjAlMjAlMjAlMjAlM0N0ciUzRSUwQSUyMCUyMCUyMCUyMCUyMCUyMCUyMCUyMCUzQ3RoJTIwc2NvcGUlM0QlMjJyb3clMjIlM0UlMEElMjAlMjAlMjAlMjAlMjAlMjAlMjAlMjAlMjAlMjAxJTIwU29ubmVuc2NoaXJtJTIwdW5kJTIwMiUyMExpZWdlc3R1aGwlMjBhdXMlMjBkZXIlMjAzLiUyMFJlaWhlJTIwJTNDc3BhbiUyMGNsYXNzJTNEJTIyc2ItYmFkZ2UlMjIlM0VXJUMzJUI2Y2hlbnRsaWNoJTNDJTJGc3BhbiUzRSUwQSUyMCUyMCUyMCUyMCUyMCUyMCUyMCUyMCUzQyUyRnRoJTNFJTBBJTIwJTIwJTIwJTIwJTIwJTIwJTIwJTIwJTNDdGQlMjBjbGFzcyUzRCUyMnNiLW51bSUyMiUzRSVFMiU4MiVBQyUyMDEwMCUyQzAwJTNDJTJGdGQlM0UlMEElMjAlMjAlMjAlMjAlMjAlMjAlMjAlMjAlM0N0ZCUyMGNsYXNzJTNEJTIyc2ItbnVtJTIyJTNFJUUyJTgyJUFDJTIwMTU1JTJDMDAlM0MlMkZ0ZCUzRSUwQSUyMCUyMCUyMCUyMCUyMCUyMCUyMCUyMCUzQ3RkJTIwY2xhc3MlM0QlMjJzYi1udW0lMjIlM0UlRTIlODIlQUMlMjAxNzUlMkMwMCUzQyUyRnRkJTNFJTBBJTIwJTIwJTIwJTIwJTIwJTIwJTIwJTIwJTNDdGQlMjBjbGFzcyUzRCUyMnNiLW51bSUyMiUzRSVFMiU4MiVBQyUyMDIwMCUyQzAwJTNDJTJGdGQlM0UlMEElMjAlMjAlMjAlMjAlMjAlMjAlM0MlMkZ0ciUzRSUwQSUyMCUyMCUyMCUyMCUyMCUyMCUzQ3RyJTNFJTBBJTIwJTIwJTIwJTIwJTIwJTIwJTIwJTIwJTNDdGglMjBzY29wZSUzRCUyMnJvdyUyMiUzRTEuJTIwUmVpaGUlMjAlM0NzcGFuJTIwY2xhc3MlM0QlMjJzYi1iYWRnZSUyMiUzRVQlQzMlQTRnbGljaCUzQyUyRnNwYW4lM0UlM0MlMkZ0aCUzRSUwQSUyMCUyMCUyMCUyMCUyMCUyMCUyMCUyMCUzQ3RkJTIwY2xhc3MlM0QlMjJzYi1udW0lMjIlM0UlRTIlODIlQUMlMjAyMSUyQzAwJTNDJTJGdGQlM0UlMEElMjAlMjAlMjAlMjAlMjAlMjAlMjAlMjAlM0N0ZCUyMGNsYXNzJTNEJTIyc2ItbnVtJTIyJTNFJUUyJTgyJUFDJTIwMjklMkMwMCUzQyUyRnRkJTNFJTBBJTIwJTIwJTIwJTIwJTIwJTIwJTIwJTIwJTNDdGQlMjBjbGFzcyUzRCUyMnNiLW51bSUyMiUzRSVFMiU4MiVBQyUyMDMzJTJDMDAlM0MlMkZ0ZCUzRSUwQSUyMCUyMCUyMCUyMCUyMCUyMCUyMCUyMCUzQ3RkJTIwY2xhc3MlM0QlMjJzYi1udW0lMjIlM0UlRTIlODIlQUMlMjAzNiUyQzAwJTNDJTJGdGQlM0UlMEElMjAlMjAlMjAlMjAlMjAlMjAlM0MlMkZ0ciUzRSUwQSUyMCUyMCUyMCUyMCUyMCUyMCUzQ3RyJTNFJTBBJTIwJTIwJTIwJTIwJTIwJTIwJTIwJTIwJTNDdGglMjBzY29wZSUzRCUyMnJvdyUyMiUzRTIuJTIwUmVpaGUlMjAlM0NzcGFuJTIwY2xhc3MlM0QlMjJzYi1iYWRnZSUyMiUzRVQlQzMlQTRnbGljaCUzQyUyRnNwYW4lM0UlM0MlMkZ0aCUzRSUwQSUyMCUyMCUyMCUyMCUyMCUyMCUyMCUyMCUzQ3RkJTIwY2xhc3MlM0QlMjJzYi1udW0lMjIlM0UlRTIlODIlQUMlMjAxOSUyQzAwJTNDJTJGdGQlM0UlMEElMjAlMjAlMjAlMjAlMjAlMjAlMjAlMjAlM0N0ZCUyMGNsYXNzJTNEJTIyc2ItbnVtJTIyJTNFJUUyJTgyJUFDJTIwMjclMkMwMCUzQyUyRnRkJTNFJTBBJTIwJTIwJTIwJTIwJTIwJTIwJTIwJTIwJTNDdGQlMjBjbGFzcyUzRCUyMnNiLW51bSUyMiUzRSVFMiU4MiVBQyUyMDMxJTJDMDAlM0MlMkZ0ZCUzRSUwQSUyMCUyMCUyMCUyMCUyMCUyMCUyMCUyMCUzQ3RkJTIwY2xhc3MlM0QlMjJzYi1udW0lMjIlM0UlRTIlODIlQUMlMjAzNCUyQzAwJTNDJTJGdGQlM0UlMEElMjAlMjAlMjAlMjAlMjAlMjAlM0MlMkZ0ciUzRSUwQSUyMCUyMCUyMCUyMCUyMCUyMCUzQ3RyJTNFJTBBJTIwJTIwJTIwJTIwJTIwJTIwJTIwJTIwJTNDdGglMjBzY29wZSUzRCUyMnJvdyUyMiUzRVp1c3RlbGxiZXR0JTNDJTJGdGglM0UlMEElMjAlMjAlMjAlMjAlMjAlMjAlMjAlMjAlM0N0ZCUyMGNsYXNzJTNEJTIyc2ItbnVtJTIyJTNFJUUyJTgyJUFDJTIwNyUyQzAwJTNDJTJGdGQlM0UlMEElMjAlMjAlMjAlMjAlMjAlMjAlMjAlMjAlM0N0ZCUyMGNsYXNzJTNEJTIyc2ItbnVtJTIyJTNFJUUyJTgyJUFDJTIwNyUyQzAwJTNDJTJGdGQlM0UlMEElMjAlMjAlMjAlMjAlMjAlMjAlMjAlMjAlM0N0ZCUyMGNsYXNzJTNEJTIyc2ItbnVtJTIyJTNFJUUyJTgyJUFDJTIwNyUyQzAwJTNDJTJGdGQlM0UlMEElMjAlMjAlMjAlMjAlMjAlMjAlMjAlMjAlM0N0ZCUyMGNsYXNzJTNEJTIyc2ItbnVtJTIyJTNFJUUyJTgyJUFDJTIwNyUyQzAwJTNDJTJGdGQlM0UlMEElMjAlMjAlMjAlMjAlMjAlMjAlM0MlMkZ0ciUzRSUwQSUyMCUyMCUyMCUyMCUzQyUyRnRib2R5JTNFJTBBJTIwJTIwJTNDJTJGdGFibGUlM0UlMEElM0MlMkZkaXYlM0UlMEE=[\/vc_raw_html][vc_empty_space][\/vc_column][\/vc_row][vc_row][vc_column][vc_raw_js]JTNDc2NyaXB0JTIwaWQlM0QlMjJzY3JpcHQtaW5mb2NoYXQlMjIlMjBzcmMlM0QlMjJodHRwcyUzQSUyRiUyRmNkbi5hc2tzdWl0ZS5jb20lMkZpbmZvY2hhdC5qcyUzRmRhdGFDb25maWclM0RodHRwcyUzQSUyRiUyRmNvbnRyb2wuYXNrc3VpdGUuY29tJTJGYXBpJTJGY29tcGFuaWVzJTJGY2FtcGluZy1jYXNhLWRpLWNhY2NpYSUyMiUzRSUzQyUyRnNjcmlwdCUzRQ==[\/vc_raw_js][\/vc_column][\/vc_row]<\/p>\n","protected":false},"excerpt":{"rendered":"<p>[vc_row full_width=&#8220;stretch_row&#8220; css=&#8220;.vc_custom_1616584236124{margin-top: 0px !important;padding-top: 200px !important;padding-bottom: 200px !important;background-image: url(http:\/\/www.campingcasadicaccia.com\/wp-content\/uploads\/2021\/03\/spiaggia-scaled.jpg?id=2953) !important;background-position: center !important;background-repeat: no-repeat !important;background-size: cover !important;}&#8220; el_class=&#8220;nd_options_vc_parallax_filter_2_5&#8243;][vc_column width=&#8220;1\/6&#8243;][\/vc_column][vc_column width=&#8220;2\/3&#8243; el_class=&#8220;nd_options_text_align_center&#8220;][\/vc_column][vc_column width=&#8220;1\/6&#8243;][\/vc_column][\/vc_row][vc_row css=&#8220;.vc_custom_1616505759492{padding-top: 50px !important;}&#8220;][vc_column css=&#8220;.vc_custom_1467360650255{margin-top: 10px !important;margin-bottom: 10px !important;padding-top: 0px !important;padding-right: 40px !important;}&#8220;][vc_column_text css=&#8220;.vc_custom_1619506097931{padding-right: 10% !important;padding-left: 10% !important;}&#8220;] Vom kristallklaren Wasser umsp\u00fclt ist unser Strand seit Jahren mit dem G\u00fctesiegel, der renommierten \u201eBlauen Flagge\u201c [&hellip;]<\/p>\n","protected":false},"author":1,"featured_media":0,"parent":0,"menu_order":0,"comment_status":"closed","ping_status":"closed","template":"","meta":{"_joinchat":[],"footnotes":""},"class_list":["post-3647","page","type-page","status-publish","hentry"],"yoast_head":"<!-- This site is optimized with the Yoast SEO plugin v27.5 - https:\/\/yoast.com\/product\/yoast-seo-wordpress\/ -->\n<title>Camping und Dorf mit Privatstrand am Meer in der Toskana<\/title>\n<meta name=\"description\" content=\"Der Luxus eines Privatstrandes mit Blick auf die herrliche toskanische K\u00fcste ist das Flaggschiff des Camping Village 3C.\" \/>\n<meta name=\"robots\" content=\"index, follow, max-snippet:-1, max-image-preview:large, max-video-preview:-1\" \/>\n<link rel=\"canonical\" href=\"https:\/\/www.campingcasadicaccia.com\/de\/strand\/\" \/>\n<meta property=\"og:locale\" content=\"de_DE\" \/>\n<meta property=\"og:type\" content=\"article\" \/>\n<meta property=\"og:title\" content=\"Camping und Dorf mit Privatstrand am Meer in der Toskana\" \/>\n<meta property=\"og:description\" content=\"Der Luxus eines Privatstrandes mit Blick auf die herrliche toskanische K\u00fcste ist das Flaggschiff des Camping Village 3C.\" \/>\n<meta property=\"og:url\" content=\"https:\/\/www.campingcasadicaccia.com\/de\/strand\/\" \/>\n<meta property=\"og:site_name\" content=\"Camping Village Casa di Caccia\" \/>\n<meta property=\"article:publisher\" content=\"https:\/\/www.facebook.com\/campingcasadicaccia\/\" \/>\n<meta property=\"article:modified_time\" content=\"2026-01-26T10:26:20+00:00\" \/>\n<meta name=\"twitter:card\" content=\"summary_large_image\" \/>\n<meta name=\"twitter:site\" content=\"@campingbibbona\" \/>\n<meta name=\"twitter:label1\" content=\"Gesch\u00e4tzte Lesezeit\" \/>\n\t<meta name=\"twitter:data1\" content=\"1\u00a0Minute\" \/>\n<script type=\"application\/ld+json\" class=\"yoast-schema-graph\">{\"@context\":\"https:\\\/\\\/schema.org\",\"@graph\":[{\"@type\":\"WebPage\",\"@id\":\"https:\\\/\\\/www.campingcasadicaccia.com\\\/de\\\/strand\\\/\",\"url\":\"https:\\\/\\\/www.campingcasadicaccia.com\\\/de\\\/strand\\\/\",\"name\":\"Camping und Dorf mit Privatstrand am Meer in der Toskana\",\"isPartOf\":{\"@id\":\"https:\\\/\\\/www.campingcasadicaccia.com\\\/de\\\/#website\"},\"datePublished\":\"2021-04-15T10:07:10+00:00\",\"dateModified\":\"2026-01-26T10:26:20+00:00\",\"description\":\"Der Luxus eines Privatstrandes mit Blick auf die herrliche toskanische K\u00fcste ist das Flaggschiff des Camping Village 3C.\",\"breadcrumb\":{\"@id\":\"https:\\\/\\\/www.campingcasadicaccia.com\\\/de\\\/strand\\\/#breadcrumb\"},\"inLanguage\":\"de\",\"potentialAction\":[{\"@type\":\"ReadAction\",\"target\":[\"https:\\\/\\\/www.campingcasadicaccia.com\\\/de\\\/strand\\\/\"]}]},{\"@type\":\"BreadcrumbList\",\"@id\":\"https:\\\/\\\/www.campingcasadicaccia.com\\\/de\\\/strand\\\/#breadcrumb\",\"itemListElement\":[{\"@type\":\"ListItem\",\"position\":1,\"name\":\"Home\",\"item\":\"https:\\\/\\\/www.campingcasadicaccia.com\\\/de\\\/\"},{\"@type\":\"ListItem\",\"position\":2,\"name\":\"Strand\"}]},{\"@type\":\"WebSite\",\"@id\":\"https:\\\/\\\/www.campingcasadicaccia.com\\\/de\\\/#website\",\"url\":\"https:\\\/\\\/www.campingcasadicaccia.com\\\/de\\\/\",\"name\":\"Camping Village Casa di Caccia - Bibbona Mare Toscana\",\"description\":\"Campeggio a Marina di Bibbona Mare Toscana\",\"publisher\":{\"@id\":\"https:\\\/\\\/www.campingcasadicaccia.com\\\/de\\\/#organization\"},\"potentialAction\":[{\"@type\":\"SearchAction\",\"target\":{\"@type\":\"EntryPoint\",\"urlTemplate\":\"https:\\\/\\\/www.campingcasadicaccia.com\\\/de\\\/?s={search_term_string}\"},\"query-input\":{\"@type\":\"PropertyValueSpecification\",\"valueRequired\":true,\"valueName\":\"search_term_string\"}}],\"inLanguage\":\"de\"},{\"@type\":\"Organization\",\"@id\":\"https:\\\/\\\/www.campingcasadicaccia.com\\\/de\\\/#organization\",\"name\":\"Camping Village Casa di Caccia\",\"url\":\"https:\\\/\\\/www.campingcasadicaccia.com\\\/de\\\/\",\"logo\":{\"@type\":\"ImageObject\",\"inLanguage\":\"de\",\"@id\":\"https:\\\/\\\/www.campingcasadicaccia.com\\\/de\\\/#\\\/schema\\\/logo\\\/image\\\/\",\"url\":\"http:\\\/\\\/www.campingcasadicaccia.com\\\/wp-content\\\/uploads\\\/2021\\\/03\\\/cropped-29513181_1879193082099464_260548762173177856_o-e1616497041420.jpg\",\"contentUrl\":\"http:\\\/\\\/www.campingcasadicaccia.com\\\/wp-content\\\/uploads\\\/2021\\\/03\\\/cropped-29513181_1879193082099464_260548762173177856_o-e1616497041420.jpg\",\"width\":512,\"height\":512,\"caption\":\"Camping Village Casa di Caccia\"},\"image\":{\"@id\":\"https:\\\/\\\/www.campingcasadicaccia.com\\\/de\\\/#\\\/schema\\\/logo\\\/image\\\/\"},\"sameAs\":[\"https:\\\/\\\/www.facebook.com\\\/campingcasadicaccia\\\/\",\"https:\\\/\\\/x.com\\\/campingbibbona\",\"https:\\\/\\\/www.instagram.com\\\/casadicaccia\\\/\",\"https:\\\/\\\/www.youtube.com\\\/channel\\\/UCRufyYve3szryZbwV8JNCog\"]}]}<\/script>\n<!-- \/ Yoast SEO plugin. -->","yoast_head_json":{"title":"Camping und Dorf mit Privatstrand am Meer in der Toskana","description":"Der Luxus eines Privatstrandes mit Blick auf die herrliche toskanische K\u00fcste ist das Flaggschiff des Camping Village 3C.","robots":{"index":"index","follow":"follow","max-snippet":"max-snippet:-1","max-image-preview":"max-image-preview:large","max-video-preview":"max-video-preview:-1"},"canonical":"https:\/\/www.campingcasadicaccia.com\/de\/strand\/","og_locale":"de_DE","og_type":"article","og_title":"Camping und Dorf mit Privatstrand am Meer in der Toskana","og_description":"Der Luxus eines Privatstrandes mit Blick auf die herrliche toskanische K\u00fcste ist das Flaggschiff des Camping Village 3C.","og_url":"https:\/\/www.campingcasadicaccia.com\/de\/strand\/","og_site_name":"Camping Village Casa di Caccia","article_publisher":"https:\/\/www.facebook.com\/campingcasadicaccia\/","article_modified_time":"2026-01-26T10:26:20+00:00","twitter_card":"summary_large_image","twitter_site":"@campingbibbona","twitter_misc":{"Gesch\u00e4tzte Lesezeit":"1\u00a0Minute"},"schema":{"@context":"https:\/\/schema.org","@graph":[{"@type":"WebPage","@id":"https:\/\/www.campingcasadicaccia.com\/de\/strand\/","url":"https:\/\/www.campingcasadicaccia.com\/de\/strand\/","name":"Camping und Dorf mit Privatstrand am Meer in der Toskana","isPartOf":{"@id":"https:\/\/www.campingcasadicaccia.com\/de\/#website"},"datePublished":"2021-04-15T10:07:10+00:00","dateModified":"2026-01-26T10:26:20+00:00","description":"Der Luxus eines Privatstrandes mit Blick auf die herrliche toskanische K\u00fcste ist das Flaggschiff des Camping Village 3C.","breadcrumb":{"@id":"https:\/\/www.campingcasadicaccia.com\/de\/strand\/#breadcrumb"},"inLanguage":"de","potentialAction":[{"@type":"ReadAction","target":["https:\/\/www.campingcasadicaccia.com\/de\/strand\/"]}]},{"@type":"BreadcrumbList","@id":"https:\/\/www.campingcasadicaccia.com\/de\/strand\/#breadcrumb","itemListElement":[{"@type":"ListItem","position":1,"name":"Home","item":"https:\/\/www.campingcasadicaccia.com\/de\/"},{"@type":"ListItem","position":2,"name":"Strand"}]},{"@type":"WebSite","@id":"https:\/\/www.campingcasadicaccia.com\/de\/#website","url":"https:\/\/www.campingcasadicaccia.com\/de\/","name":"Camping Village Casa di Caccia - Bibbona Mare Toscana","description":"Campeggio a Marina di Bibbona Mare Toscana","publisher":{"@id":"https:\/\/www.campingcasadicaccia.com\/de\/#organization"},"potentialAction":[{"@type":"SearchAction","target":{"@type":"EntryPoint","urlTemplate":"https:\/\/www.campingcasadicaccia.com\/de\/?s={search_term_string}"},"query-input":{"@type":"PropertyValueSpecification","valueRequired":true,"valueName":"search_term_string"}}],"inLanguage":"de"},{"@type":"Organization","@id":"https:\/\/www.campingcasadicaccia.com\/de\/#organization","name":"Camping Village Casa di Caccia","url":"https:\/\/www.campingcasadicaccia.com\/de\/","logo":{"@type":"ImageObject","inLanguage":"de","@id":"https:\/\/www.campingcasadicaccia.com\/de\/#\/schema\/logo\/image\/","url":"http:\/\/www.campingcasadicaccia.com\/wp-content\/uploads\/2021\/03\/cropped-29513181_1879193082099464_260548762173177856_o-e1616497041420.jpg","contentUrl":"http:\/\/www.campingcasadicaccia.com\/wp-content\/uploads\/2021\/03\/cropped-29513181_1879193082099464_260548762173177856_o-e1616497041420.jpg","width":512,"height":512,"caption":"Camping Village Casa di Caccia"},"image":{"@id":"https:\/\/www.campingcasadicaccia.com\/de\/#\/schema\/logo\/image\/"},"sameAs":["https:\/\/www.facebook.com\/campingcasadicaccia\/","https:\/\/x.com\/campingbibbona","https:\/\/www.instagram.com\/casadicaccia\/","https:\/\/www.youtube.com\/channel\/UCRufyYve3szryZbwV8JNCog"]}]}},"publishpress_future_action":{"enabled":false,"date":"2026-05-06 10:32:35","action":"change-status","newStatus":"draft","terms":[],"taxonomy":"translation_priority"},"_links":{"self":[{"href":"https:\/\/www.campingcasadicaccia.com\/de\/wp-json\/wp\/v2\/pages\/3647","targetHints":{"allow":["GET"]}}],"collection":[{"href":"https:\/\/www.campingcasadicaccia.com\/de\/wp-json\/wp\/v2\/pages"}],"about":[{"href":"https:\/\/www.campingcasadicaccia.com\/de\/wp-json\/wp\/v2\/types\/page"}],"author":[{"embeddable":true,"href":"https:\/\/www.campingcasadicaccia.com\/de\/wp-json\/wp\/v2\/users\/1"}],"replies":[{"embeddable":true,"href":"https:\/\/www.campingcasadicaccia.com\/de\/wp-json\/wp\/v2\/comments?post=3647"}],"version-history":[{"count":5,"href":"https:\/\/www.campingcasadicaccia.com\/de\/wp-json\/wp\/v2\/pages\/3647\/revisions"}],"predecessor-version":[{"id":76705,"href":"https:\/\/www.campingcasadicaccia.com\/de\/wp-json\/wp\/v2\/pages\/3647\/revisions\/76705"}],"wp:attachment":[{"href":"https:\/\/www.campingcasadicaccia.com\/de\/wp-json\/wp\/v2\/media?parent=3647"}],"curies":[{"name":"wp","href":"https:\/\/api.w.org\/{rel}","templated":true}]}}